{"id":101,"date":"2020-04-22T22:31:31","date_gmt":"2020-04-22T22:31:31","guid":{"rendered":"http:\/\/slovenia-fly-fishing.com\/equipment-rental\/"},"modified":"2023-01-12T16:23:13","modified_gmt":"2023-01-12T16:23:13","slug":"equipment-rental","status":"publish","type":"page","link":"https:\/\/slovenia-fly-fishing.com\/de\/equipment-rental\/","title":{"rendered":"Vermietung von Ausr\u00fcstung"},"content":{"rendered":"<h3 class=\"wp-block-heading\" id=\"headline-51-1209\">Beschreibung<\/h3>\n\n\n\n<p>Wenn Sie mit dem Flugzeug nach Slowenien reisen oder nicht genug Platz in Ihrem Auto haben, ist der Ausr\u00fcstungsverleih eine L\u00f6sung, die Ihr Angelerlebnis viel einfacher und sorgenfreier macht.<\/p>\n\n\n\n<p>Wir liefern alles, von der Rute bis zu den Fliegen.<\/p>\n\n\n\n<p>Auch wenn Sie sich nicht f\u00fcr eine gef\u00fchrte Tour entscheiden, sondern nur das Angelger\u00e4t ben\u00f6tigen, k\u00f6nnen Sie es bei uns bekommen.<\/p>\n\n\n\n<p>Die Liste der&nbsp;<a href=\"https:\/\/slovenia-fly-fishing.com\/de\/\">Fliegenfischen<\/a>&nbsp;Ausr\u00fcstung, die Sie f\u00fcr Ihr Fliegenfischer-Abenteuer in Slowenien mieten k\u00f6nnen, sowie den Preis:<\/p>\n\n\n\n<figure class=\"wp-block-image size-large\"><img loading=\"lazy\" decoding=\"async\" width=\"1024\" height=\"683\" src=\"https:\/\/slovenia-fly-fishing.com\/wp-content\/uploads\/20182191_10155116575749221_1870572817_o-scaled-2-1024x683.webp\" alt=\"\" class=\"wp-image-1616\" srcset=\"https:\/\/slovenia-fly-fishing.com\/wp-content\/uploads\/20182191_10155116575749221_1870572817_o-scaled-2-1024x683.webp 1024w, https:\/\/slovenia-fly-fishing.com\/wp-content\/uploads\/20182191_10155116575749221_1870572817_o-scaled-2-300x200.webp 300w, https:\/\/slovenia-fly-fishing.com\/wp-content\/uploads\/20182191_10155116575749221_1870572817_o-scaled-2-768x512.webp 768w, https:\/\/slovenia-fly-fishing.com\/wp-content\/uploads\/20182191_10155116575749221_1870572817_o-scaled-2-1536x1024.webp 1536w, https:\/\/slovenia-fly-fishing.com\/wp-content\/uploads\/20182191_10155116575749221_1870572817_o-scaled-2-18x12.webp 18w, https:\/\/slovenia-fly-fishing.com\/wp-content\/uploads\/20182191_10155116575749221_1870572817_o-scaled-2.webp 1920w\" sizes=\"auto, (max-width: 1024px) 100vw, 1024px\" \/><figcaption class=\"wp-element-caption\">Der Fang eines Fischers<\/figcaption><\/figure>\n\n\n\n<h3 class=\"wp-block-heading\" id=\"headline-92-1209\">Fliegenfischer-Ausr\u00fcstung<\/h3>\n\n\n\n<ul class=\"wp-block-list\">\n<li>Stange 30\u20ac<\/li>\n\n\n\n<li>Wathosen+ Stiefel 30\u20ac<\/li>\n\n\n\n<li>Paket mit 5 Fliegen (zum Behalten) 20\u20ac<\/li>\n\n\n\n<li>Paket mit 10 Fliegen (zum Behalten) 30\u20ac<\/li>\n\n\n\n<li>Belly Boot 50\u20ac<\/li>\n\n\n\n<li><strong>Vollst\u00e4ndiges Paket<\/strong>&nbsp;(Rute, Wathose, Stiefel, Kescher) 50\u20ac<\/li>\n<\/ul>\n\n\n\n<p>Wenn Sie es w\u00fcnschen, k\u00f6nnen wir auch Folgendes arrangieren&nbsp;<strong>Bringservice und Abholservice<\/strong>f\u00fcr die der Preis 40 \u20ac betr\u00e4gt.<\/p>","protected":false},"excerpt":{"rendered":"<p>Beschreibung Wenn Sie mit dem Flugzeug nach Slowenien reisen oder nicht genug Platz in Ihrem Auto haben, ist der Ausr\u00fcstungsverleih eine L\u00f6sung, die Ihr Angelerlebnis viel einfacher und sorgenfreier macht. Wir stellen alles zur Verf\u00fcgung, von der Rute bis zu den Fliegen. Auch wenn Sie sich nicht f\u00fcr einen gef\u00fchrten Ausflug entscheiden und nur ... <a href=\"https:\/\/slovenia-fly-fishing.com\/de\/equipment-rental\/\">Fortsetzung<\/a><\/p>","protected":false},"author":44,"featured_media":975,"parent":0,"menu_order":6,"comment_status":"open","ping_status":"open","template":"","meta":{"_acf_changed":false,"footnotes":""},"class_list":["post-101","page","type-page","status-publish","has-post-thumbnail","hentry"],"acf":{"page_subheading":"A perfect solution for those, who can\u2019t bring your own equipment with you. We'll have you covered with rods, waders, baits and tents."},"_links":{"self":[{"href":"https:\/\/slovenia-fly-fishing.com\/de\/wp-json\/wp\/v2\/pages\/101","targetHints":{"allow":["GET"]}}],"collection":[{"href":"https:\/\/slovenia-fly-fishing.com\/de\/wp-json\/wp\/v2\/pages"}],"about":[{"href":"https:\/\/slovenia-fly-fishing.com\/de\/wp-json\/wp\/v2\/types\/page"}],"author":[{"embeddable":true,"href":"https:\/\/slovenia-fly-fishing.com\/de\/wp-json\/wp\/v2\/users\/44"}],"replies":[{"embeddable":true,"href":"https:\/\/slovenia-fly-fishing.com\/de\/wp-json\/wp\/v2\/comments?post=101"}],"version-history":[{"count":4,"href":"https:\/\/slovenia-fly-fishing.com\/de\/wp-json\/wp\/v2\/pages\/101\/revisions"}],"predecessor-version":[{"id":1708,"href":"https:\/\/slovenia-fly-fishing.com\/de\/wp-json\/wp\/v2\/pages\/101\/revisions\/1708"}],"wp:featuredmedia":[{"embeddable":true,"href":"https:\/\/slovenia-fly-fishing.com\/de\/wp-json\/wp\/v2\/media\/975"}],"wp:attachment":[{"href":"https:\/\/slovenia-fly-fishing.com\/de\/wp-json\/wp\/v2\/media?parent=101"}],"curies":[{"name":"wp","href":"https:\/\/api.w.org\/{rel}","templated":true}]}}