{"id":103,"date":"2020-04-23T09:56:30","date_gmt":"2020-04-23T09:56:30","guid":{"rendered":"http:\/\/slovenia-fly-fishing.com\/fly-fishing-season\/"},"modified":"2022-12-02T09:31:37","modified_gmt":"2022-12-02T09:31:37","slug":"fly-fishing-season","status":"publish","type":"page","link":"https:\/\/slovenia-fly-fishing.com\/de\/fly-fishing-season\/","title":{"rendered":"Fliegenfischer-Saison"},"content":{"rendered":"<h3 class=\"wp-block-heading\"><strong>Januar und Februar<\/strong><\/h3>\n\n\n\n<p>Die Saison des Forellenangelns ist in vollem Gange, und die extremsten Fliegenfischer k\u00f6nnen ihr K\u00f6nnen beim Angeln auf den slowenischen Huchen unter Beweis stellen, der bei den Einheimischen sehr beliebt ist. Fl\u00fcsse <a href=\"https:\/\/slovenia-fly-fishing.com\/de\/trips\/fly-fishing-sava-bohinjka\/\"><strong>Sava Bohinjka<\/strong> <\/a>und <strong><a href=\"https:\/\/slovenia-fly-fishing.com\/de\/trips\/fly-fishing-sava\/\">Sava<\/a><\/strong> bieten einige perfekte Stellen f\u00fcr diese Art des Angelns. Aber bedenken Sie, eine Suche nach Huchen ist m\u00f6glich <strong>bis zum 15. Februar.<\/strong><\/p>\n\n\n\n<h3 class=\"wp-block-heading\"><strong>M\u00e4rz<\/strong><\/h3>\n\n\n\n<p><strong>Beginn der Fliegenfischer-Saison<\/strong> f\u00fcr alle, die nerv\u00f6s zu Hause gewartet und davon getr\u00e4umt haben, eine Angel anzuwerfen und die ersten Forellen des Jahres zu fangen. Die Fl\u00fcsse sind zwar noch kalt und das Wasser kann wegen der Schneeschmelze in den Bergen etwas h\u00f6her stehen als sonst, aber trotzdem werden echte Angler ihr Gl\u00fcck an den Fl\u00fcssen versuchen, die in diesem Monat ge\u00f6ffnet sind, und die M\u00fche wird in der Regel mit einem sch\u00f6nen Fang belohnt. Der M\u00e4rz ist wahrscheinlich die Zeit, in der Sie am meisten einen F\u00fchrer brauchen, der Ihnen hilft, die richtige Stelle zu finden, und da wir einer der <strong><a href=\"https:\/\/slovenia-fly-fishing.com\/de\/\">bester Fliegenfischer-Guide in Slowenien<\/a><\/strong>k\u00f6nnen Sie sicher sein, dass unsere Guides Sie an den Fisch bringen.<\/p>\n\n\n\n<h3 class=\"wp-block-heading\"><strong>April<\/strong><\/h3>\n\n\n\n<p>April ist&nbsp;<strong>einer der verkehrsreichsten Monate, wenn es um Fliegenfischen geht<\/strong>&nbsp;in Slowenien. Selbst diejenigen, die es sich im M\u00e4rz noch anders \u00fcberlegt hatten, steigen jetzt in ihre Wathosen und fischen in ihren Lieblingsfl\u00fcssen, die jetzt in ganz Slowenien ge\u00f6ffnet sind (au\u00dfer der Unica, die am 1.5. ge\u00f6ffnet ist). Die Wassertemperatur steigt und damit auch die Aktivit\u00e4t der Fische. Das Leben am Fluss erwacht aus dem kalten, dunklen Winter, und das bedeutet mehr Nahrung im Fluss f\u00fcr hungrige Fische und mehr Bisse f\u00fcr die fischhungrigen Angler. Definitiv einer der besten Monate f\u00fcr das Fliegenfischen in Slowenien.<\/p>\n\n\n\n<h3 class=\"wp-block-heading\"><strong>Mai<\/strong><\/h3>\n\n\n\n<p>Immer noch&nbsp;<strong>Hochsaison<\/strong>&nbsp;f\u00fcr das Fliegenfischen in Slowenien, sowohl f\u00fcr die Anzahl der Fliegenfischer als auch f\u00fcr die Anzahl der Bisse. Nach dem wechselhaften April hat sich das Wetter beruhigt, es ist warm, die Tage werden l\u00e4nger, und zusammen mit der Fischaktivit\u00e4t ruft die Natur die Fliegenfischer dazu auf, so viel wie m\u00f6glich zu fischen. Denken Sie daran, dass dies die Zeit vor den Sommerferien ist und der letzte Monat vor September, in dem die Fl\u00fcsse nur noch den Anglern geh\u00f6ren. Wenn Sie Ruhe und Frieden suchen, ist dies Ihre letzte Chance, das Fliegenfischen in Slowenien auszuprobieren.<\/p>\n\n\n\n<h3 class=\"wp-block-heading\"><strong>Juni, Juli, August<\/strong><\/h3>\n\n\n\n<p>Perfekt&nbsp;<strong>Zeit f\u00fcr Urlaub<\/strong>nicht nur am Meer, sondern auch an den Fl\u00fcssen. Wenn Sie nach Slowenien reisen, vergessen Sie nicht, eine Angel mitzunehmen und einen Tag zum Fliegenfischen an einem der vielen sch\u00f6nen slowenischen Fl\u00fcsse einzuplanen. Da das Fliegenfischen tags\u00fcber an den meisten beliebten Touristenzielen schwierig sein kann, haben Sie die Wahl zwischen dem Fliegenfischen an Fl\u00fcssen, die weniger \u00fcberlaufen sind, oder dem Fliegenfischen am fr\u00fchen Morgen und sp\u00e4ten Nachmittag, der sch\u00f6nsten und produktivsten Zeit f\u00fcr das Fliegenfischen im Sommer.<\/p>\n\n\n\n<h3 class=\"wp-block-heading\"><strong>September<\/strong><\/h3>\n\n\n\n<p>Der September ist der&nbsp;<strong>zweite Hauptsaison f\u00fcr das Fliegenfischen in Slowenien<\/strong>. Die Menschenmengen am Fluss verschwinden und die Fl\u00fcsse geh\u00f6ren wieder den Fischern. Die Fische sind nach den St\u00f6rungen des Sommers hungrig und kommen an die Stellen zur\u00fcck, die ihnen im Sommer genommen wurden. Die Temperaturen sind immer noch hoch, die Tage sind lang und man kann den ganzen Tag lang fischen, es ist also die perfekte Zeit f\u00fcr einen Fliegenfischerurlaub. Sie k\u00f6nnen von Fluss zu Fluss ziehen, sich ein Ziel setzen, um bestimmte Fischarten wie die Marmorforelle zu fangen, oder einfach nur das Angeln genie\u00dfen und beobachten, wie sich die Natur langsam in die sch\u00f6nsten Farben verwandelt.<\/p>\n\n\n\n<h3 class=\"wp-block-heading\"><strong>Oktober<\/strong><\/h3>\n\n\n\n<p>Der Herbst ist im Anmarsch, die Fl\u00fcsse sind zu dieser Jahreszeit am sch\u00f6nsten und die Fische auch. Jetzt ist die Zeit, sich einen Fisch zu fangen <strong>\u00c4sche<\/strong> da diese Fischart w\u00e4hrend der Fliegenfischer-Saison im Herbst besonders aktiv ist. Einer der besten Orte daf\u00fcr sind die Fl\u00fcsse Unica und Idrijca. Aber denken Sie daran, dass einige Fl\u00fcsse am Ende des Monats geschlossen werden, achten Sie also auf die Daten! Au\u00dferdem beginnt in diesem Monat die Huchen-Saison, ein weiterer Grund f\u00fcr einen Besuch.<\/p>\n\n\n\n<h3 class=\"wp-block-heading\"><strong>November<\/strong><\/h3>\n\n\n\n<p>Die letzten Tage der Fliegenfischer-Saison in Slowenien. Dies ist die Zeit f\u00fcr ausdauernde Angler, denn die Bedingungen sind nicht mehr so ideal wie in den warmen Monaten. Die Natur bereitet sich auf eine mehrmonatige Ruhepause vor. Dies ist also die Zeit, in der Sie wirklich am Fluss sein wollen, wenn Sie Ruhe und Frieden m\u00f6gen, nur Sie, der Fluss, die Fische und nat\u00fcrlich unser Fliegenfischerf\u00fchrer, der Ihnen zur Seite steht.<\/p>\n\n\n\n<h3 class=\"wp-block-heading\"><strong>Dezember<\/strong><\/h3>\n\n\n\n<p>Im Dezember ruht alles, nur Huchen ist in diesen Wintermonaten sehr aktiv.<\/p>","protected":false},"excerpt":{"rendered":"<p>Im Januar und Februar ruht die Saison des Forellenfischens, und die extremsten Fliegenfischer k\u00f6nnen ihr K\u00f6nnen beim Angeln auf den slowenischen Huchen ausprobieren, der bei den Einheimischen sehr beliebt ist. Die Fl\u00fcsse Sava Bohinjka und Sava bieten einige perfekte Stellen f\u00fcr diese Art des Angelns. Aber denken Sie daran, dass die Suche nach dem Huchen nur bis zum 15. m\u00f6glich ist. <a href=\"https:\/\/slovenia-fly-fishing.com\/de\/fly-fishing-season\/\">Fortsetzung<\/a><\/p>","protected":false},"author":44,"featured_media":1328,"parent":0,"menu_order":7,"comment_status":"open","ping_status":"open","template":"","meta":{"_acf_changed":false,"footnotes":""},"class_list":["post-103","page","type-page","status-publish","has-post-thumbnail","hentry"],"acf":{"page_subheading":"Discover Fly fishing season in Slovenia and decide, which time of the year suits you best and plan your fly fishing trip then."},"_links":{"self":[{"href":"https:\/\/slovenia-fly-fishing.com\/de\/wp-json\/wp\/v2\/pages\/103","targetHints":{"allow":["GET"]}}],"collection":[{"href":"https:\/\/slovenia-fly-fishing.com\/de\/wp-json\/wp\/v2\/pages"}],"about":[{"href":"https:\/\/slovenia-fly-fishing.com\/de\/wp-json\/wp\/v2\/types\/page"}],"author":[{"embeddable":true,"href":"https:\/\/slovenia-fly-fishing.com\/de\/wp-json\/wp\/v2\/users\/44"}],"replies":[{"embeddable":true,"href":"https:\/\/slovenia-fly-fishing.com\/de\/wp-json\/wp\/v2\/comments?post=103"}],"version-history":[{"count":1,"href":"https:\/\/slovenia-fly-fishing.com\/de\/wp-json\/wp\/v2\/pages\/103\/revisions"}],"predecessor-version":[{"id":1648,"href":"https:\/\/slovenia-fly-fishing.com\/de\/wp-json\/wp\/v2\/pages\/103\/revisions\/1648"}],"wp:featuredmedia":[{"embeddable":true,"href":"https:\/\/slovenia-fly-fishing.com\/de\/wp-json\/wp\/v2\/media\/1328"}],"wp:attachment":[{"href":"https:\/\/slovenia-fly-fishing.com\/de\/wp-json\/wp\/v2\/media?parent=103"}],"curies":[{"name":"wp","href":"https:\/\/api.w.org\/{rel}","templated":true}]}}