{"id":119,"date":"2021-04-26T09:54:07","date_gmt":"2021-04-26T09:54:07","guid":{"rendered":"http:\/\/slovenia-fly-fishing.com\/know-before-you-go\/"},"modified":"2022-12-02T09:29:58","modified_gmt":"2022-12-02T09:29:58","slug":"know-before-you-go","status":"publish","type":"page","link":"https:\/\/slovenia-fly-fishing.com\/de\/know-before-you-go\/","title":{"rendered":"Wissen, bevor Sie gehen"},"content":{"rendered":"<h2 class=\"wp-block-heading\" id=\"how-to-prepare\"><strong>Wie bereitet man sich auf eine Fliegenfischerreise nach Slowenien vor?<\/strong><\/h2>\n\n\n\n<h3 class=\"wp-block-heading\" id=\"when-to-go\"><strong>Wann soll ich gehen?<\/strong><\/h3>\n\n\n\n<p>Auch wenn es das ganze Jahr \u00fcber m\u00f6glich ist, ist die beste Zeit f\u00fcr das Fliegenfischen in Slowenien <strong>Fr\u00fchling und Herbst<\/strong>. Die besten Monate, in denen die meisten Fl\u00fcsse voller Fische sind, sind April, Mai und September. In diesen Monaten gibt es eine perfekte Kombination aus weniger Touristen und ausreichend warmen Temperaturen. Im Sommer ist es besser, nach Fl\u00fcssen Ausschau zu halten, die nicht in der N\u00e4he beliebter Sehensw\u00fcrdigkeiten liegen, da sie sehr stark besucht sein k\u00f6nnen. Der Winter ist zwar nicht die beste Zeit, um die meisten Fischarten zu fangen, aber es ist die einzige Zeit, um auf den gro\u00dfen Huchen zu angeln.<\/p>\n\n\n\n<figure class=\"wp-block-image\"><img decoding=\"async\" alt=\"Hintersee lake\" src=\"https:\/\/slovenia-fly-fishing.com\/wp-content\/uploads\/Hintersee-Lake-1.webp\"\/><\/figure>\n\n\n\n<h3 class=\"wp-block-heading\" id=\"which-river-to choose\"><strong>Welchen Fluss soll ich w\u00e4hlen?<\/strong><\/h3>\n\n\n\n<p>Diese Wahl h\u00e4ngt von vielen Faktoren ab, wie dem gew\u00fcnschten Fisch, den Vorlieben f\u00fcr die Umgebung und nat\u00fcrlich der Jahreszeit. Wenn Sie auf Bach- oder Regenbogenforellen angeln wollen, haben Sie Gl\u00fcck, denn die gibt es in fast jedem Fluss in Slowenien. Bei ihrem ikonischen Verwandten, der Marmorforelle, ist das anders. Sie ist nur in den Fl\u00fcssen des Adriatischen Beckens zu finden, wie <strong><a href=\"https:\/\/slovenia-fly-fishing.com\/de\/trips\/fly-fishing-soca\/\">So\u010da<\/a><\/strong> und ihren Nebenfl\u00fcssen. Die \u00c4sche hingegen ist h\u00e4ufiger anzutreffen, aber man muss sich die Stellen gut aussuchen, an denen man sie fangen m\u00f6chte - wir empfehlen Unica, Sava oder Savinja. F\u00fcr die Jagd auf den gro\u00dfen Huchen ist Sava die beste Wahl. Keine Sorge, mehrere Tage bedeuten, dass Sie immer mehr als einen Fluss zum Fischen ausw\u00e4hlen k\u00f6nnen. Um diese Art von Urlaub leichter zu organisieren, sehen Sie sich einige unserer <a class=\"wpil_keyword_link\" title=\"Fliegenfischen\" data-wpil-keyword-link=\"linked\" href=\"https:\/\/slovenia-fly-fishing.com\/de\/\">Fliegenfischen<\/a> Ferien.<\/p>\n\n\n\n<figure class=\"wp-block-image\"><img decoding=\"async\" src=\"https:\/\/slovenia-fly-fishing.com\/wp-content\/uploads\/idrijca-7.webp\" alt=\"Idrijca\"\/><\/figure>\n\n\n\n<h3 class=\"wp-block-heading\" id=\"are-permits-needed\"><strong>Sind Genehmigungen erforderlich?<\/strong><\/h3>\n\n\n\n<p>Ja, Sie brauchen eine Erlaubnis, um in einem der slowenischen Gew\u00e4sser zu angeln. Au\u00dfer dem Meer sind alle Fl\u00fcsse und Seen unter den Angelvereinen aufgeteilt. Jeder von ihnen stellt Angelscheine f\u00fcr einige Fl\u00fcsse und Seen aus, die von ihm verwaltet werden. Die meisten dieser Erlaubnisse k\u00f6nnen Sie kaufen <strong>online oder physisch<\/strong> vor Ort in nahe gelegenen Restaurants, Bars oder Hotels. <\/p>\n\n\n\n<figure class=\"wp-block-image\"><img decoding=\"async\" src=\"https:\/\/slovenia-fly-fishing.com\/wp-content\/uploads\/resized-image-Promo-32.webp\" alt=\"fly-fishing-cover-light\"\/><\/figure>\n\n\n\n<h3 class=\"wp-block-heading\" id=\"should-i-come-well-equipped\"><strong>Sollte ich gut ausger\u00fcstet kommen?<\/strong><\/h3>\n\n\n\n<p>Das h\u00e4ngt von der Art und Weise ab, wie Sie nach Slowenien reisen. Wenn Sie mit dem Flugzeug anreisen, k\u00f6nnen Sie viele Dinge nicht so einfach mitnehmen, wie wenn Sie mit dem Auto fahren. Nehmen Sie auf jeden Fall Ihre Angelausr\u00fcstung mit, denn sie nimmt nicht viel Platz weg und Ihre eigene ist immer am vertrauensw\u00fcrdigsten. Um Ihnen das zus\u00e4tzliche Gep\u00e4ck zu ersparen, bieten wir Ihnen die <strong><a href=\"https:\/\/slovenia-fly-fishing.com\/de\/equipment-rental\/\">Vermietung<\/a><\/strong> alle notwendigen oder speziellen Ausr\u00fcstungen, die Sie w\u00e4hrend Ihrer Fliegenfischer-Tage hier ben\u00f6tigen. Ruten, Wathosen, Kescher, hervorragende selbstgemachte Fliegen, was auch immer! - Sie k\u00f6nnen sicher sein, dass Sie alles haben, was Sie brauchen, wenn Sie mit uns Fliegenfischen gehen.<\/p>","protected":false},"excerpt":{"rendered":"<p>Wie bereitet man sich auf eine Reise zum Fliegenfischen nach Slowenien vor? Wann sollte man reisen? Obwohl es das ganze Jahr \u00fcber m\u00f6glich ist, ist die beste Zeit f\u00fcr das Fliegenfischen in Slowenien der Fr\u00fchling und der Herbst. In den Monaten April, Mai und September sind die meisten Fl\u00fcsse am vollsten mit Fischen. Dies sind die Monate mit ... <a href=\"https:\/\/slovenia-fly-fishing.com\/de\/know-before-you-go\/\">Fortsetzung<\/a><\/p>","protected":false},"author":44,"featured_media":975,"parent":0,"menu_order":12,"comment_status":"open","ping_status":"open","template":"","meta":{"_acf_changed":false,"footnotes":""},"class_list":["post-119","page","type-page","status-publish","has-post-thumbnail","hentry"],"acf":{"page_subheading":"A quick guide to provide you with all of the essential information needed before getting here and enjoying your time fishing."},"_links":{"self":[{"href":"https:\/\/slovenia-fly-fishing.com\/de\/wp-json\/wp\/v2\/pages\/119","targetHints":{"allow":["GET"]}}],"collection":[{"href":"https:\/\/slovenia-fly-fishing.com\/de\/wp-json\/wp\/v2\/pages"}],"about":[{"href":"https:\/\/slovenia-fly-fishing.com\/de\/wp-json\/wp\/v2\/types\/page"}],"author":[{"embeddable":true,"href":"https:\/\/slovenia-fly-fishing.com\/de\/wp-json\/wp\/v2\/users\/44"}],"replies":[{"embeddable":true,"href":"https:\/\/slovenia-fly-fishing.com\/de\/wp-json\/wp\/v2\/comments?post=119"}],"version-history":[{"count":1,"href":"https:\/\/slovenia-fly-fishing.com\/de\/wp-json\/wp\/v2\/pages\/119\/revisions"}],"predecessor-version":[{"id":1646,"href":"https:\/\/slovenia-fly-fishing.com\/de\/wp-json\/wp\/v2\/pages\/119\/revisions\/1646"}],"wp:featuredmedia":[{"embeddable":true,"href":"https:\/\/slovenia-fly-fishing.com\/de\/wp-json\/wp\/v2\/media\/975"}],"wp:attachment":[{"href":"https:\/\/slovenia-fly-fishing.com\/de\/wp-json\/wp\/v2\/media?parent=119"}],"curies":[{"name":"wp","href":"https:\/\/api.w.org\/{rel}","templated":true}]}}