{"id":128,"date":"2022-05-24T13:02:26","date_gmt":"2022-05-24T13:02:26","guid":{"rendered":"http:\/\/slovenia-fly-fishing.com\/trout-fishing-in-slovenia\/"},"modified":"2022-12-28T14:47:46","modified_gmt":"2022-12-28T14:47:46","slug":"trout-fishing-in-slovenia","status":"publish","type":"page","link":"https:\/\/slovenia-fly-fishing.com\/de\/trout-fishing-in-slovenia\/","title":{"rendered":"Forellenfischen in Slowenien"},"content":{"rendered":"<h2 class=\"wp-block-heading\">Forellenangeln in Slowenien - erleben Sie das Paradies in den Alpen<\/h2>\n\n\n\n<p>Wenn Sie ein Fan des Forellenfischens sind und einen neuen Ort kennen lernen m\u00f6chten, ist Slowenien der perfekte Ort. Dieses kleine Land hat <strong>viele Fl\u00fcsse und Seen<\/strong> die eine hervorragende Kulisse f\u00fcr den Fang von Forellen bieten. Das Forellenfischen in Slowenien ist am weitesten verbreitet<strong> im Fr\u00fchling, Sommer und Herbst<\/strong> wenn das Wetter am w\u00e4rmsten ist.<\/p>\n\n\n\n<figure class=\"wp-block-image size-full\"><img decoding=\"async\" alt=\"Marble trout\" src=\"https:\/\/slovenia-fly-fishing.com\/wp-content\/uploads\/Marble-trout.webp\" class=\"wp-image-10200\"><figcaption>Forellenfischen in Slowenien<\/figcaption><\/figure>\n\n\n\n<h2 class=\"wp-block-heading\">Forellenarten in Slowenien<\/h2>\n\n\n\n<p>Es gibt viele <strong>verschiedene Arten von Forellen<\/strong> die in slowenischen Gew\u00e4ssern leben, aber sie haben alle eines gemeinsam: Sie sind wundersch\u00f6n und immer ein spannender Fang!<\/p>\n\n\n\n<h3 class=\"wp-block-heading\">Marmorforelle<\/h3>\n\n\n\n<p>Die Marmorforelle ist wahrscheinlich die bekannteste Art unter den slowenischen Anglern. Sie <strong>lebt im Fluss So\u010da und seinen Nebenfl\u00fcssen<\/strong>die durch Westslowenien nach Italien flie\u00dfen. Er <strong>war fast ausgestorben<\/strong> Aufgrund der \u00dcberfischung der Best\u00e4nde gibt es jetzt viele Bem\u00fchungen, diesen sch\u00f6nen Fisch zu sch\u00fctzen und daf\u00fcr zu sorgen, dass er lange genug lebt, um wieder von Fischern gefangen zu werden.<\/p>\n\n\n\n<p>Die Marmorforelle hat eine wundersch\u00f6ne Farbe, die sie zu einer der <strong>die attraktivsten S\u00fc\u00dfwasserfische in Slowenien<\/strong>. Der R\u00fccken ist zum Beispiel dunkelbraun oder olivgr\u00fcn mit helleren Seiten und Bauch, w\u00e4hrend der Kopf gelbliche Flecken und Streifen aufweist, die auf beiden Seiten vom Auge bis zum Schwanz verlaufen.<\/p>\n\n\n\n<p>Sie k\u00f6nnen Marmorforellen angeln <strong>vom 1. April bis zum 30. September<\/strong>.<\/p>\n\n\n\n<figure class=\"wp-block-image size-large\"><img loading=\"lazy\" decoding=\"async\" width=\"1024\" height=\"498\" src=\"https:\/\/slovenia-fly-fishing.com\/wp-content\/uploads\/Soska-postrv-reka-SOCA-1-1-1024x498.webp\" alt=\"Small marble trout from So\u010da river\" class=\"wp-image-1437\" srcset=\"https:\/\/slovenia-fly-fishing.com\/wp-content\/uploads\/Soska-postrv-reka-SOCA-1-1-1024x498.webp 1024w, https:\/\/slovenia-fly-fishing.com\/wp-content\/uploads\/Soska-postrv-reka-SOCA-1-1-300x146.webp 300w, https:\/\/slovenia-fly-fishing.com\/wp-content\/uploads\/Soska-postrv-reka-SOCA-1-1-768x373.webp 768w, https:\/\/slovenia-fly-fishing.com\/wp-content\/uploads\/Soska-postrv-reka-SOCA-1-1-18x9.webp 18w, https:\/\/slovenia-fly-fishing.com\/wp-content\/uploads\/Soska-postrv-reka-SOCA-1-1.webp 1080w\" sizes=\"auto, (max-width: 1024px) 100vw, 1024px\" \/><figcaption class=\"wp-element-caption\">Kleine Marmorforelle aus dem Fluss So\u010da<\/figcaption><\/figure>\n\n\n\n<h3 class=\"wp-block-heading\">Bachforelle<\/h3>\n\n\n\n<p>Die Bachforelle ist in Slowenien heimisch und kann <strong>in den meisten unserer Fl\u00fcsse und Seen zu finden<\/strong>. Diese klassische Fliegenfischerart ist auch ein hervorragender Speisefisch, der in vielen Gebieten der Welt eingef\u00fchrt wurde, in denen er urspr\u00fcnglich nicht heimisch war.<\/p>\n\n\n\n<p>Er hat einen gelbbraunen, dunkelgrauen, olivgr\u00fcnen oder kupferroten K\u00f6rper, der mit roten, manchmal auch schwarzen oder wei\u00dfen Flecken \u00fcbers\u00e4t ist. Man findet sie vor allem in den <strong>Ober- oder Mittellauf von B\u00e4chen<\/strong>wobei die gr\u00f6\u00dften in Karstgew\u00e4ssern vorkommen.<\/p>\n\n\n\n<p>Die Angelsaison l\u00e4uft <strong>von M\u00e4rz bis September<\/strong>.<\/p>\n\n\n\n<figure class=\"wp-block-image size-full\"><img decoding=\"async\" src=\"https:\/\/slovenia-fly-fishing.com\/wp-content\/uploads\/brown-trout-1.webp\" alt=\"brown trout\" class=\"wp-image-8950\"\/><figcaption class=\"wp-element-caption\">Bachforelle<\/figcaption><\/figure>\n\n\n\n<h3 class=\"wp-block-heading\">Regenbogenforelle<\/h3>\n\n\n\n<p>Die Regenbogenforelle ist ein wundersch\u00f6ner Fisch. Ihr <strong>Regenbogenflanke<\/strong> macht sie leicht von anderen Arten unterscheidbar. Sie ist auch <strong>sehr anpassungsf\u00e4hig<\/strong> und sind in vielen verschiedenen Gew\u00e4ssern zu finden. Die gr\u00f6\u00dften Exemplare k\u00f6nnen eine Gr\u00f6\u00dfe von 90 cm erreichen und bis zu 10 kg wiegen.<\/p>\n\n\n\n<p>Er ist zwar nicht sehr w\u00e4hlerisch und f\u00e4ngt einen K\u00f6der recht h\u00e4ufig, aber er ist auch <strong>sehr mutig<\/strong> und gibt danach nicht so leicht auf. Das macht ihn zu einer beliebten Art f\u00fcr Angler, die einen spannenden Kampf suchen.<\/p>\n\n\n\n<p>Die Fischerei <strong>Saisonbeginn im M\u00e4rz<\/strong> (im April f\u00fcr So\u010da) und dauert <strong>bis Ende November<\/strong>.<\/p>\n\n\n\n<figure class=\"wp-block-image size-full\"><img decoding=\"async\" src=\"https:\/\/slovenia-fly-fishing.com\/wp-content\/uploads\/rainbow-trout-2.webp\" alt=\"rainbow trout\" class=\"wp-image-9235\"\/><figcaption class=\"wp-element-caption\">Regenbogenforelle<\/figcaption><\/figure>\n\n\n\n<h2 class=\"wp-block-heading\">Die besten Fl\u00fcsse zum Forellenfischen in Slowenien<\/h2>\n\n\n\n<p>Forellen sind eine der am weitesten verbreiteten Fischarten in slowenischen Fl\u00fcssen. Vor allem die Bachforelle, die man hier in fast jedem flie\u00dfenden Gew\u00e4sser finden kann.&nbsp;<\/p>\n\n\n\n<p>Das gilt zwar nicht f\u00fcr die Marmorforelle, aber wenn man in Slowenien Forellen angeln will, kann man sich kaum f\u00fcr den falschen Fluss entscheiden.<\/p>\n\n\n\n<h3 class=\"wp-block-heading\">Fluss So\u010da<\/h3>\n\n\n\n<p>Die So\u010da ist nicht nur der beste Fluss zum Forellenangeln in Slowenien - sie ist auch der <strong>ikonischster slowenischer Fluss<\/strong> im Allgemeinen. Mit seinem <strong>Smaragdfarbe<\/strong> und die herrliche alpine Umgebung machen ihn zu einem Top-Ziel f\u00fcr Angler und andere Entdecker Sloweniens.<\/p>\n\n\n\n<p>Und er ist auch der einzige Fluss in Slowenien (zusammen mit seinen Nebenfl\u00fcssen), an dem man <strong>die schwer fassbare Marmorforelle fangen<\/strong>. Jeder angehende Angler kann Marmorforelle gehen <a href=\"https:\/\/slovenia-fly-fishing.com\/de\/trips\/fly-fishing-soca\/\">Fliegenfischen auf dem Fluss So\u010da<\/a> und fangen Sie einige der pr\u00e4chtigsten Fische in slowenischen Gew\u00e4ssern.<\/p>\n\n\n\n<p>Die <strong>Saisoner\u00f6ffnung im April<\/strong> und kann entlang der 50 Kilometer Kaskaden und Pools genossen werden, mit Ausnahme der schwer zug\u00e4nglichen, aber sch\u00f6nen Schluchten.<\/p>\n\n\n\n<figure class=\"wp-block-image size-full\"><img decoding=\"async\" src=\"https:\/\/slovenia-fly-fishing.com\/wp-content\/uploads\/River-Soca.webp\" alt=\"River Soca\" class=\"wp-image-4355\"\/><figcaption class=\"wp-element-caption\">Fluss So\u010da<\/figcaption><\/figure>\n\n\n\n<h3 class=\"wp-block-heading\">Sava Bohinjka<\/h3>\n\n\n\n<p>Aus dem Bohinjer See, dem gr\u00f6\u00dften See Sloweniens, flie\u00dft die Sava Bohinjka. Dieser Fluss wird sp\u00e4ter <strong>konvergiert mit Sava Dolinka<\/strong> den l\u00e4ngsten slowenischen Fluss, die Save, zu bilden.<\/p>\n\n\n\n<p>Aber bevor das passiert, ist Sava Bohinjka ein Paradies f\u00fcr Fliegenfischer, denn <strong>einer der am st\u00e4rksten besetzten Fl\u00fcsse<\/strong> in Slowenien. Neben der <strong>\u00c4sche<\/strong>die <strong>Bach- und Regenbogenforelle<\/strong> sind die am h\u00e4ufigsten vorkommenden Fischarten im Fluss. Setzen Sie sich einfach auf eine der leicht zug\u00e4nglichen Sandb\u00e4nke und genie\u00dfen Sie Ihren Tag mit <a href=\"https:\/\/slovenia-fly-fishing.com\/de\/trips\/fly-fishing-sava-bohinjka\/\">Fliegenfischen an der Sava Bohinjka<\/a>.<\/p>\n\n\n\n<figure class=\"wp-block-image size-full\"><img decoding=\"async\" src=\"https:\/\/slovenia-fly-fishing.com\/wp-content\/uploads\/bohinjka-2.webp\" alt=\"Sava Bohinjka\" class=\"wp-image-8941\"\/><figcaption class=\"wp-element-caption\">Sava Bohinjka<\/figcaption><\/figure>\n\n\n\n<h3 class=\"wp-block-heading\">Idrijca-Fluss<\/h3>\n\n\n\n<p>Wenn Sie m\u00f6chten, dass <strong>dem sommerlichen Gedr\u00e4nge am Fluss So\u010da entkommen<\/strong> aber dennoch versuchen, die ikonische Marmorforelle zu fangen, ist der Fluss Idrijca die beste Wahl. Als Nebenfluss der So\u010da ist er genauso gut oder sogar besser <strong>Ziel f\u00fcr das Fischen von Marmorforellen<\/strong> in Slowenien als erstere.<\/p>\n\n\n\n<p>Seine gr\u00fcnen T\u00fcmpel sind reich an Nahrung, so dass die Marmorforellen hier zu <strong>Datensatzgr\u00f6\u00dfen<\/strong>. Dennoch sind sie weniger verbreitet als ihre Vettern, die Bach- und Regenbogenforelle.<\/p>\n\n\n\n<p>Es ist auch m\u00f6glich zu gehen <a href=\"https:\/\/slovenia-fly-fishing.com\/de\/trips\/fly-fishing-idrijca\/\">Fliegenfischen auf der Idrijca<\/a> in <strong>Fr\u00fchlingsanfang<\/strong> wenn die So\u010da durch die Schneeschmelze in den umliegenden Julischen Alpen noch zu kalt ist.<\/p>\n\n\n\n<figure class=\"wp-block-image size-full\"><img decoding=\"async\" src=\"https:\/\/slovenia-fly-fishing.com\/wp-content\/uploads\/shutterstock_1540813016-1654x1280-1-1-1-1-1-1-1-1-1-1-1-1-1.webp\" alt=\"Idrijca River\" class=\"wp-image-9289\"\/><figcaption class=\"wp-element-caption\">Idrijca-Fluss<\/figcaption><\/figure>\n\n\n\n<h3 class=\"wp-block-heading\">Savinja-Fluss<\/h3>\n\n\n\n<p>Im Nordosten des Landes versteckt sich der Fluss Savinja. Ein weitgehend unentdecktes, aber extrem <strong>reich an Fisch<\/strong>Er flie\u00dft von seiner Quelle am 90 Meter hohen Rinka-Wasserfall im panoramischen Logar-Tal bis zur M\u00fcndung in die Save.<\/p>\n\n\n\n<p>Wegen seines Reichtums an Sauerstoff und Nahrung, <strong>verschiedene Fischarten<\/strong> haben hier ihre Heimat gefunden. Am h\u00e4ufigsten sind hier die <strong>Bachforelle<\/strong> und <strong>\u00c4sche<\/strong>die stromabw\u00e4rts mit dem <strong>Regenbogenforelle<\/strong> und einige riesige <strong>Huchen<\/strong>.<\/p>\n\n\n\n<p>Einige der beliebtesten Orte zum Genie\u00dfen <a href=\"https:\/\/slovenia-fly-fishing.com\/de\/trips\/fly-fishing-savinja\/\">Fliegenfischen auf Savinja<\/a> sind in der N\u00e4he der Stadt <strong>Ljubno ob Savinji<\/strong>, wo jeder Angler ein ruhiges Pl\u00e4tzchen f\u00fcr sich finden kann.<\/p>\n\n\n\n<figure class=\"wp-block-image size-full\"><img decoding=\"async\" src=\"https:\/\/slovenia-fly-fishing.com\/wp-content\/uploads\/Savinja6-1.webp\" alt=\"Savinja River\" class=\"wp-image-10199\"\/><figcaption class=\"wp-element-caption\">Savinja-Fluss<\/figcaption><\/figure>\n\n\n\n<h2 class=\"wp-block-heading\">Die besten Fliegen f\u00fcr das Forellenfischen in Slowenien<\/h2>\n\n\n\n<p>Es gibt <strong>vier Hauptfangtechniken<\/strong> um die Forellen zum Anbei\u00dfen zu bringen. Sie h\u00e4ngen davon ab, welche Art von Angelfliege Sie verwenden. Obwohl sie sich unterscheiden, k\u00f6nnen Sie sich f\u00fcr eine von beiden entscheiden und haben trotzdem eine gute Chance, eine Forelle zu fangen!<\/p>\n\n\n\n<p>Die Wahl der Technik h\u00e4ngt haupts\u00e4chlich von Ihren Vorlieben und Ihrer Erfahrung im Fliegenfischen ab. Unser Guide wird Sie beraten und daf\u00fcr sorgen, dass Ihr Angelausflug ein Erfolg wird.<\/p>\n\n\n\n<h3 class=\"wp-block-heading\">Trockenfliegenfischen<\/h3>\n\n\n\n<p>Trockenfliegenfischen ist eine Technik, bei der der Angler <strong>ein K\u00f6der, der auf der Wasseroberfl\u00e4che des Flusses ruht<\/strong> und nicht untertaucht. Trockenfliegen sind kleine Wasserinsekten wie Seggenfliegen oder Insekten, die in den Fluss fallen oder durch den Wind dorthin getragen werden, wie Heuschrecken oder Raupen.<\/p>\n\n\n\n<p>Sie m\u00fcssen vom Angler so man\u00f6vriert werden, dass der K\u00f6der die Str\u00f6mung einer echten Fliege nachahmt. Nur so kann man die Forelle dazu bringen, die Wasseroberfl\u00e4che zu durchbrechen und an den Haken zu bei\u00dfen.<\/p>\n\n\n\n<h3 class=\"wp-block-heading\">Nasses Fliegenfischen<\/h3>\n\n\n\n<p>Verwendung der Nassfliege <strong>Fliegen, die knapp unter der Wasseroberfl\u00e4che schwimmen<\/strong> als K\u00f6der. Sie sind mit einer beschwerten Komponente ausgestattet, so dass sie untertauchen. Nassfliegen imitieren verschiedene Wasserinsekten, wenn sie an der Oberfl\u00e4che schwimmen.<\/p>\n\n\n\n<p>Sie ist zwar weniger spannend anzusehen, aber f\u00fcr Anf\u00e4nger weniger kompliziert zu erlernen, und auch erfahrene Angler sind nicht abgeneigt, diese Technik anzuwenden, um einen reichen Gewinn zu garantieren.&nbsp;<\/p>\n\n\n\n<h3 class=\"wp-block-heading\">Nymphenfang<\/h3>\n\n\n\n<p>Nymphing ist die j\u00fcngste Technik des Fliegenfischens. Bei diesem Ansatz, <strong>k\u00fcnstliche Fliegen \u00e4hneln Wasserlarven<\/strong>. Sie funktionieren, wenn sie bis zum oder in der N\u00e4he des Grundes des Flusses getaucht werden, um eine Forelle zu fangen.&nbsp;<\/p>\n\n\n\n<p>Der Angler muss die Angelstelle gut kennen, da die Beschaffenheit des Flusses in diesem Abschnitt bestimmt, wie tief die Nymphe unter die Oberfl\u00e4che gelangen muss.<\/p>\n\n\n\n<h3 class=\"wp-block-heading\">Fischen im Fluss<\/h3>\n\n\n\n<p>Streamer sind die gr\u00f6\u00dften Fliegen, die beim Fliegenfischen verwendet werden. Sie <strong>\u00e4hneln K\u00f6derfischen und Egeln, Nahrung f\u00fcr Raubfische<\/strong>. Je nach Gewicht k\u00f6nnen sie entweder tief unter die Wasseroberfl\u00e4che sinken oder nat\u00fcrlich mit der Str\u00f6mung treiben.<\/p>\n\n\n\n<p>Die Angler wenden eine Taktik an, bei der sie die Fliege so lenken, dass es so aussieht, als w\u00fcrde sie fliehen, um die gr\u00f6\u00dferen Fische dazu zu bringen, sie zu verfolgen.<\/p>\n\n\n\n<h2 class=\"wp-block-heading\">Forellenfangger\u00e4te<\/h2>\n\n\n\n<p>Erfahrene Angler mit ihrer gesamten Ausr\u00fcstung zu beobachten, kann \u00fcberw\u00e4ltigend sein, wenn man noch am Anfang seiner Angelkarriere steht, aber in Wirklichkeit braucht man nur das N\u00f6tigste. Dazu geh\u00f6ren eine <strong>Angelrute<\/strong>, <strong>Wathosen<\/strong> und <strong>Stiefel<\/strong> um trocken zu bleiben, ein <strong>Kescher<\/strong>und ein Paket von <strong>Fliegen<\/strong> um die Fische anzulocken.<\/p>\n\n\n\n<figure class=\"wp-block-image size-large\"><img loading=\"lazy\" decoding=\"async\" width=\"1024\" height=\"769\" src=\"https:\/\/slovenia-fly-fishing.com\/wp-content\/uploads\/IMG_9901-scaled-1-1024x769.webp\" alt=\"Fishing gear\" class=\"wp-image-1124\" srcset=\"https:\/\/slovenia-fly-fishing.com\/wp-content\/uploads\/IMG_9901-scaled-1-1024x769.webp 1024w, https:\/\/slovenia-fly-fishing.com\/wp-content\/uploads\/IMG_9901-scaled-1-300x225.webp 300w, https:\/\/slovenia-fly-fishing.com\/wp-content\/uploads\/IMG_9901-scaled-1-768x576.webp 768w, https:\/\/slovenia-fly-fishing.com\/wp-content\/uploads\/IMG_9901-scaled-1-1536x1153.webp 1536w, https:\/\/slovenia-fly-fishing.com\/wp-content\/uploads\/IMG_9901-scaled-1-16x12.webp 16w, https:\/\/slovenia-fly-fishing.com\/wp-content\/uploads\/IMG_9901-scaled-1.webp 1920w\" sizes=\"auto, (max-width: 1024px) 100vw, 1024px\" \/><figcaption class=\"wp-element-caption\">Fangger\u00e4te<\/figcaption><\/figure>\n\n\n\n<p>Mit diesen wichtigen Ausr\u00fcstungsgegenst\u00e4nden werden Sie beim Forellenfischen in Slowenien in keiner Weise behindert.<\/p>\n\n\n\n<p>Um die Sache zu erleichtern, vermieten wir alle oben genannten Artikel, die Sie <a href=\"https:\/\/slovenia-fly-fishing.com\/de\/equipment-rental\/\">hier nachsehen<\/a>.<\/p>\n\n\n\n<h2 class=\"wp-block-heading\">Saison der Forellenfischerei<\/h2>\n\n\n\n<p>Die Angelsaison f\u00fcr Forellen dauert <strong>von Anfang April bis Ende September<\/strong> in Slowenien, wobei jeder der beiden Monate einen der beiden H\u00f6hepunkte der Saison darstellt. Die dazwischen liegenden Sommermonate sind ebenfalls geeignet, aber die Uferpromenaden sind dann st\u00e4rker von Touristen frequentiert und die Temperaturen steigen.<br>Ausf\u00fchrlicher haben wir dar\u00fcber in unserem <a href=\"https:\/\/slovenia-fly-fishing.com\/de\/fly-fishing-season\/\">Fliegenfischer-Saison<\/a> Abschnitt.<\/p>\n\n\n\n<h2 class=\"wp-block-heading\">Begleiten Sie uns auf eine Fliegenfischerreise!<\/h2>\n\n\n\n<p>Nat\u00fcrlich geh\u00f6ren Forellen und insbesondere Marmorforellen zu den beliebtesten Fliegenfischerarten. Zusammen mit anderen Fliegenfischerarten (wie der \u00c4sche oder dem Huchen) sind sie auch in anderen slowenischen Fl\u00fcssen zu finden.<\/p>\n\n\n\n<p>Finden Sie alles \u00fcber sie heraus, indem Sie sich andere ebenso interessante <a href=\"https:\/\/slovenia-fly-fishing.com\/de\/trips\/\">Fliegenfischerreisen in Slowenien<\/a>. Z\u00f6gern Sie nicht, die Fliegenfischerf\u00fchrer sind schon fr\u00fch in der Saison ausgebucht.<\/p>","protected":false},"excerpt":{"rendered":"<p>Forellenangeln in Slowenien - erleben Sie das Paradies in den Alpen Wenn Sie ein Fan des Forellenangelns sind und einen neuen Ort kennenlernen m\u00f6chten, ist Slowenien der perfekte Ort. In diesem kleinen Land gibt es viele Fl\u00fcsse und Seen, die eine hervorragende Kulisse f\u00fcr das Forellenangeln bieten. Das Forellenangeln in Slowenien ist vor allem im Fr\u00fchjahr m\u00f6glich, ... <a href=\"https:\/\/slovenia-fly-fishing.com\/de\/trout-fishing-in-slovenia\/\">Fortsetzung<\/a><\/p>","protected":false},"author":44,"featured_media":1615,"parent":0,"menu_order":2,"comment_status":"open","ping_status":"open","template":"","meta":{"_acf_changed":false,"footnotes":""},"class_list":["post-128","page","type-page","status-publish","has-post-thumbnail","hentry"],"acf":{"page_subheading":"A complete guide about Slovenia Trout fishing: Discover the most popular rivers and trout species in Slovenia, including the legendary Marble Trout."},"_links":{"self":[{"href":"https:\/\/slovenia-fly-fishing.com\/de\/wp-json\/wp\/v2\/pages\/128","targetHints":{"allow":["GET"]}}],"collection":[{"href":"https:\/\/slovenia-fly-fishing.com\/de\/wp-json\/wp\/v2\/pages"}],"about":[{"href":"https:\/\/slovenia-fly-fishing.com\/de\/wp-json\/wp\/v2\/types\/page"}],"author":[{"embeddable":true,"href":"https:\/\/slovenia-fly-fishing.com\/de\/wp-json\/wp\/v2\/users\/44"}],"replies":[{"embeddable":true,"href":"https:\/\/slovenia-fly-fishing.com\/de\/wp-json\/wp\/v2\/comments?post=128"}],"version-history":[{"count":3,"href":"https:\/\/slovenia-fly-fishing.com\/de\/wp-json\/wp\/v2\/pages\/128\/revisions"}],"predecessor-version":[{"id":1685,"href":"https:\/\/slovenia-fly-fishing.com\/de\/wp-json\/wp\/v2\/pages\/128\/revisions\/1685"}],"wp:featuredmedia":[{"embeddable":true,"href":"https:\/\/slovenia-fly-fishing.com\/de\/wp-json\/wp\/v2\/media\/1615"}],"wp:attachment":[{"href":"https:\/\/slovenia-fly-fishing.com\/de\/wp-json\/wp\/v2\/media?parent=128"}],"curies":[{"name":"wp","href":"https:\/\/api.w.org\/{rel}","templated":true}]}}