{"id":101,"date":"2020-04-22T22:31:31","date_gmt":"2020-04-22T22:31:31","guid":{"rendered":"http:\/\/slovenia-fly-fishing.com\/equipment-rental\/"},"modified":"2023-01-12T16:23:13","modified_gmt":"2023-01-12T16:23:13","slug":"equipment-rental","status":"publish","type":"page","link":"https:\/\/slovenia-fly-fishing.com\/es\/equipment-rental\/","title":{"rendered":"Alquiler de material"},"content":{"rendered":"<h3 class=\"wp-block-heading\" id=\"headline-51-1209\">Descripci\u00f3n<\/h3>\n\n\n\n<p>Si viaja a Eslovenia en avi\u00f3n o no dispone de espacio suficiente en su coche, el alquiler de equipos es una soluci\u00f3n que le har\u00e1 la experiencia de pesca mucho m\u00e1s f\u00e1cil y despreocupada.<\/p>\n\n\n\n<p>Nosotros se lo proporcionamos todo, desde la ca\u00f1a hasta las moscas.<\/p>\n\n\n\n<p>Incluso si no decide realizar una excursi\u00f3n guiada y s\u00f3lo necesita el aparejo, estamos aqu\u00ed para proporcion\u00e1rselo.<\/p>\n\n\n\n<p>La lista de&nbsp;<a href=\"https:\/\/slovenia-fly-fishing.com\/es\/\">pesca con mosca<\/a>&nbsp;equipo que puede alquilar para su aventura de pesca con mosca en Eslovenia junto con el precio:<\/p>\n\n\n\n<figure class=\"wp-block-image size-large\"><img loading=\"lazy\" decoding=\"async\" width=\"1024\" height=\"683\" src=\"https:\/\/slovenia-fly-fishing.com\/wp-content\/uploads\/20182191_10155116575749221_1870572817_o-scaled-2-1024x683.webp\" alt=\"\" class=\"wp-image-1616\" srcset=\"https:\/\/slovenia-fly-fishing.com\/wp-content\/uploads\/20182191_10155116575749221_1870572817_o-scaled-2-1024x683.webp 1024w, https:\/\/slovenia-fly-fishing.com\/wp-content\/uploads\/20182191_10155116575749221_1870572817_o-scaled-2-300x200.webp 300w, https:\/\/slovenia-fly-fishing.com\/wp-content\/uploads\/20182191_10155116575749221_1870572817_o-scaled-2-768x512.webp 768w, https:\/\/slovenia-fly-fishing.com\/wp-content\/uploads\/20182191_10155116575749221_1870572817_o-scaled-2-1536x1024.webp 1536w, https:\/\/slovenia-fly-fishing.com\/wp-content\/uploads\/20182191_10155116575749221_1870572817_o-scaled-2-18x12.webp 18w, https:\/\/slovenia-fly-fishing.com\/wp-content\/uploads\/20182191_10155116575749221_1870572817_o-scaled-2.webp 1920w\" sizes=\"auto, (max-width: 1024px) 100vw, 1024px\" \/><figcaption class=\"wp-element-caption\">Captura del pescador<\/figcaption><\/figure>\n\n\n\n<h3 class=\"wp-block-heading\" id=\"headline-92-1209\">Equipos de pesca con mosca<\/h3>\n\n\n\n<ul class=\"wp-block-list\">\n<li>Varilla 30<\/li>\n\n\n\n<li>Vadeadores+ Botas 30<\/li>\n\n\n\n<li>Paquete de 5 moscas (para que te las quedes) 20<\/li>\n\n\n\n<li>Paquete de 10 moscas (de su propiedad) 30<\/li>\n\n\n\n<li>Barco panza 50<\/li>\n\n\n\n<li><strong>Paquete completo<\/strong>&nbsp;(ca\u00f1a, vadeadores, botas. red de desembarque) 50<\/li>\n<\/ul>\n\n\n\n<p>Si lo prefiere, tambi\u00e9n podemos organizar&nbsp;<strong>servicio de entrega y recogida<\/strong>cuyo precio es de 40 euros.<\/p>","protected":false},"excerpt":{"rendered":"<p>Descripci\u00f3n Si viaja a Eslovenia en avi\u00f3n o no tiene espacio suficiente en el coche, el alquiler de equipos es una soluci\u00f3n que le facilitar\u00e1 mucho la pesca y le permitir\u00e1 disfrutar de ella sin preocupaciones. Nosotros se lo proporcionamos todo, desde la ca\u00f1a hasta las moscas. Incluso si no decide hacer una excursi\u00f3n guiada y s\u00f3lo ... <a href=\"https:\/\/slovenia-fly-fishing.com\/es\/equipment-rental\/\">Contin\u00faa en<\/a><\/p>","protected":false},"author":44,"featured_media":975,"parent":0,"menu_order":6,"comment_status":"open","ping_status":"open","template":"","meta":{"_acf_changed":false,"footnotes":""},"class_list":["post-101","page","type-page","status-publish","has-post-thumbnail","hentry"],"acf":{"page_subheading":"A perfect solution for those, who can\u2019t bring your own equipment with you. We'll have you covered with rods, waders, baits and tents."},"_links":{"self":[{"href":"https:\/\/slovenia-fly-fishing.com\/es\/wp-json\/wp\/v2\/pages\/101","targetHints":{"allow":["GET"]}}],"collection":[{"href":"https:\/\/slovenia-fly-fishing.com\/es\/wp-json\/wp\/v2\/pages"}],"about":[{"href":"https:\/\/slovenia-fly-fishing.com\/es\/wp-json\/wp\/v2\/types\/page"}],"author":[{"embeddable":true,"href":"https:\/\/slovenia-fly-fishing.com\/es\/wp-json\/wp\/v2\/users\/44"}],"replies":[{"embeddable":true,"href":"https:\/\/slovenia-fly-fishing.com\/es\/wp-json\/wp\/v2\/comments?post=101"}],"version-history":[{"count":4,"href":"https:\/\/slovenia-fly-fishing.com\/es\/wp-json\/wp\/v2\/pages\/101\/revisions"}],"predecessor-version":[{"id":1708,"href":"https:\/\/slovenia-fly-fishing.com\/es\/wp-json\/wp\/v2\/pages\/101\/revisions\/1708"}],"wp:featuredmedia":[{"embeddable":true,"href":"https:\/\/slovenia-fly-fishing.com\/es\/wp-json\/wp\/v2\/media\/975"}],"wp:attachment":[{"href":"https:\/\/slovenia-fly-fishing.com\/es\/wp-json\/wp\/v2\/media?parent=101"}],"curies":[{"name":"wp","href":"https:\/\/api.w.org\/{rel}","templated":true}]}}