{"id":103,"date":"2020-04-23T09:56:30","date_gmt":"2020-04-23T09:56:30","guid":{"rendered":"http:\/\/slovenia-fly-fishing.com\/fly-fishing-season\/"},"modified":"2022-12-02T09:31:37","modified_gmt":"2022-12-02T09:31:37","slug":"fly-fishing-season","status":"publish","type":"page","link":"https:\/\/slovenia-fly-fishing.com\/es\/fly-fishing-season\/","title":{"rendered":"Temporada de pesca con mosca"},"content":{"rendered":"<h3 class=\"wp-block-heading\"><strong>Enero y febrero<\/strong><\/h3>\n\n\n\n<p>La temporada de pesca de la trucha est\u00e1 parada, los pescadores con mosca m\u00e1s extremos pueden probar sus habilidades pescando la Huchen eslovena, muy popular entre los lugare\u00f1os. R\u00edos <a href=\"https:\/\/slovenia-fly-fishing.com\/es\/trips\/fly-fishing-sava-bohinjka\/\"><strong>Sava Bohinjka<\/strong> <\/a>y <strong><a href=\"https:\/\/slovenia-fly-fishing.com\/es\/trips\/fly-fishing-sava\/\">Sava<\/a><\/strong> ofrecen algunos lugares perfectos para este tipo de pesca. Pero ten en cuenta que la b\u00fasqueda de Huchen es posible <strong>hasta el 15 de febrero.<\/strong><\/p>\n\n\n\n<h3 class=\"wp-block-heading\"><strong>Marzo<\/strong><\/h3>\n\n\n\n<p><strong>Inicio de la temporada de pesca con mosca<\/strong> para todos los que han estado esperando nerviosos en casa y so\u00f1ando con mojar un sedal y pescar las primeras truchas del a\u00f1o. Los r\u00edos todav\u00eda est\u00e1n fr\u00edos y el agua puede estar un poco m\u00e1s alta de lo habitual debido al deshielo en las monta\u00f1as, pero a pesar de ello, los verdaderos pescadores probar\u00e1n sin duda suerte en los r\u00edos que se abren este mes, y el esfuerzo suele verse recompensado con una buena captura. Marzo es probablemente la \u00e9poca en la que m\u00e1s se necesita un gu\u00eda que le ayude a encontrar el lugar adecuado, y nosotros somos uno de los mejores. <strong><a href=\"https:\/\/slovenia-fly-fishing.com\/es\/\">mejor servicio de gu\u00eda de pesca con mosca en Eslovenia<\/a><\/strong>Nuestros gu\u00edas le ayudar\u00e1n a pescar.<\/p>\n\n\n\n<h3 class=\"wp-block-heading\"><strong>Abril<\/strong><\/h3>\n\n\n\n<p>Abril es&nbsp;<strong>uno de los meses m\u00e1s activos en lo que se refiere a la pesca con mosca<\/strong>&nbsp;en Eslovenia. Incluso los que se lo pensaban dos veces antes de pescar en marzo, ahora se ponen los vadeadores y pescan en sus r\u00edos favoritos, que ya est\u00e1n abiertos en toda Eslovenia (excepto el Unica, que abre el 1,5). La temperatura del agua aumenta, al igual que la actividad de los peces. La vida en el r\u00edo se despierta del fr\u00edo y oscuro invierno, lo que significa m\u00e1s comida en el r\u00edo para los peces hambrientos y m\u00e1s picadas para los pescadores \u00e1vidos de peces. Sin duda, uno de los mejores meses para la pesca con mosca en Eslovenia.<\/p>\n\n\n\n<h3 class=\"wp-block-heading\"><strong>Mayo<\/strong><\/h3>\n\n\n\n<p>Todav\u00eda&nbsp;<strong>temporada alta<\/strong>&nbsp;para la pesca con mosca en Eslovenia, tanto por el n\u00famero de pescadores con mosca, como por el n\u00famero de picadas. Despu\u00e9s de la v\u00edspera cambiante de abril, el tiempo se ha asentado, es c\u00e1lido, los d\u00edas son cada vez m\u00e1s largos y que, junto con la actividad de los peces es la naturaleza llamando a los pescadores Fly a venir y pescar tanto como puedan. Tenga en cuenta que \u00e9ste es el momento previo a las vacaciones de verano, y el \u00faltimo mes antes de septiembre, cuando los r\u00edos siguen perteneciendo s\u00f3lo a los pescadores. Si quiere paz y tranquilidad, es su \u00faltima oportunidad para probar la pesca con mosca en Eslovenia.<\/p>\n\n\n\n<h3 class=\"wp-block-heading\"><strong>Junio, julio, agosto<\/strong><\/h3>\n\n\n\n<p>Perfecto&nbsp;<strong>tiempo de vacaciones<\/strong>no s\u00f3lo junto al mar, sino tambi\u00e9n junto al r\u00edo. Si viaja a Eslovenia, no olvide llevarse una ca\u00f1a y reservar un d\u00eda para pescar con mosca en uno de los muchos r\u00edos eslovenos. Dado que durante el d\u00eda la pesca en los destinos tur\u00edsticos m\u00e1s populares puede ser dif\u00edcil, sus opciones son la pesca con mosca en los r\u00edos que est\u00e1n menos concurridos o persiguiendo las primeras horas de la ma\u00f1ana y las \u00faltimas de la tarde, el momento m\u00e1s hermoso y productivo cuando se pesca con mosca en verano.<\/p>\n\n\n\n<h3 class=\"wp-block-heading\"><strong>Septiembre<\/strong><\/h3>\n\n\n\n<p>Septiembre es el&nbsp;<strong>segunda temporada alta para la pesca con mosca en Eslovenia<\/strong>. Las multitudes en el r\u00edo desaparecen y los r\u00edos vuelven a pertenecer a los pescadores. Los peces est\u00e1n hambrientos tras las perturbaciones estivales y vuelven a los lugares que les fueron arrebatados durante el verano. Las temperaturas siguen siendo altas, los d\u00edas son largos y se puede pescar durante todo el d\u00eda, por lo que es la \u00e9poca perfecta para las vacaciones de pesca con mosca. Puede desplazarse de un r\u00edo a otro, fijarse como objetivo la captura de especies de peces concretas, como la trucha Marbel, o simplemente disfrutar de la pesca y contemplar c\u00f3mo la naturaleza cambia lentamente a los colores m\u00e1s bellos.<\/p>\n\n\n\n<h3 class=\"wp-block-heading\"><strong>Octubre<\/strong><\/h3>\n\n\n\n<p>Llega el oto\u00f1o, los r\u00edos est\u00e1n m\u00e1s bonitos en esta \u00e9poca del a\u00f1o y los peces tambi\u00e9n. Es el momento de pescar un <strong>Grayling<\/strong> ya que esta especie de pez es especialmente activa durante la temporada oto\u00f1al de pesca con mosca. Uno de los mejores lugares para hacerlo son los r\u00edos Unica e Idrijca. Pero ten en cuenta que algunos r\u00edos cierran a finales de mes, as\u00ed que \u00a1cuidado con las fechas! Adem\u00e1s, este mes comienza la temporada del huchen, una raz\u00f3n m\u00e1s para visitarnos.<\/p>\n\n\n\n<h3 class=\"wp-block-heading\"><strong>Noviembre<\/strong><\/h3>\n\n\n\n<p>\u00daltimos d\u00edas de la temporada de pesca con mosca en Eslovenia. Este es el momento para los pescadores persistentes, ya que las condiciones no son tan ideales como lo fueron durante los meses c\u00e1lidos. La naturaleza se est\u00e1 preparando para unos meses de descanso, as\u00ed que este es el momento si realmente quieres estar en el r\u00edo si te gusta la paz y la tranquilidad, s\u00f3lo t\u00fa, el r\u00edo, los peces y, por supuesto, nuestro gu\u00eda de pesca con mosca para ayudarle.<\/p>\n\n\n\n<h3 class=\"wp-block-heading\"><strong>Diciembre<\/strong><\/h3>\n\n\n\n<p>En diciembre todo descansa, excepto Huchen, muy activo durante esos meses de invierno.<\/p>","protected":false},"excerpt":{"rendered":"<p>Enero y febrero La temporada de pesca de la trucha est\u00e1 parada, los pescadores con mosca m\u00e1s extremos pueden probar sus habilidades pescando la Huchen eslovena, muy popular entre los lugare\u00f1os. Los r\u00edos Sava Bohinjka y Sava ofrecen algunos lugares perfectos para este tipo de pesca. Pero tenga en cuenta que la b\u00fasqueda del Huchen es posible hasta el 15 ... <a href=\"https:\/\/slovenia-fly-fishing.com\/es\/fly-fishing-season\/\">Contin\u00faa en<\/a><\/p>","protected":false},"author":44,"featured_media":1328,"parent":0,"menu_order":7,"comment_status":"open","ping_status":"open","template":"","meta":{"_acf_changed":false,"footnotes":""},"class_list":["post-103","page","type-page","status-publish","has-post-thumbnail","hentry"],"acf":{"page_subheading":"Discover Fly fishing season in Slovenia and decide, which time of the year suits you best and plan your fly fishing trip then."},"_links":{"self":[{"href":"https:\/\/slovenia-fly-fishing.com\/es\/wp-json\/wp\/v2\/pages\/103","targetHints":{"allow":["GET"]}}],"collection":[{"href":"https:\/\/slovenia-fly-fishing.com\/es\/wp-json\/wp\/v2\/pages"}],"about":[{"href":"https:\/\/slovenia-fly-fishing.com\/es\/wp-json\/wp\/v2\/types\/page"}],"author":[{"embeddable":true,"href":"https:\/\/slovenia-fly-fishing.com\/es\/wp-json\/wp\/v2\/users\/44"}],"replies":[{"embeddable":true,"href":"https:\/\/slovenia-fly-fishing.com\/es\/wp-json\/wp\/v2\/comments?post=103"}],"version-history":[{"count":1,"href":"https:\/\/slovenia-fly-fishing.com\/es\/wp-json\/wp\/v2\/pages\/103\/revisions"}],"predecessor-version":[{"id":1648,"href":"https:\/\/slovenia-fly-fishing.com\/es\/wp-json\/wp\/v2\/pages\/103\/revisions\/1648"}],"wp:featuredmedia":[{"embeddable":true,"href":"https:\/\/slovenia-fly-fishing.com\/es\/wp-json\/wp\/v2\/media\/1328"}],"wp:attachment":[{"href":"https:\/\/slovenia-fly-fishing.com\/es\/wp-json\/wp\/v2\/media?parent=103"}],"curies":[{"name":"wp","href":"https:\/\/api.w.org\/{rel}","templated":true}]}}