{"id":105,"date":"2020-06-01T19:31:51","date_gmt":"2020-06-01T19:31:51","guid":{"rendered":"http:\/\/slovenia-fly-fishing.com\/partners\/"},"modified":"2022-10-24T09:14:10","modified_gmt":"2022-10-24T09:14:10","slug":"partners","status":"publish","type":"page","link":"https:\/\/slovenia-fly-fishing.com\/es\/partners\/","title":{"rendered":"Socios"},"content":{"rendered":"<p><strong><a href=\"https:\/\/flyfishingsoca.com\/\">Pesca con mosca So\u010da<\/a><\/strong><\/p>\n\n\n\n<p>Pesca con mosca en las aguas esmeralda del r\u00edo So\u010da con nuestro experimentado gu\u00eda para tener la oportunidad de capturar una de las especies de trucha m\u00e1s grandes del mundo: la trucha m\u00e1rmol.<\/p>","protected":false},"excerpt":{"rendered":"<p>Pesca con mosca So\u010da Pesca con mosca en las aguas esmeralda del r\u00edo So\u010da con nuestro gu\u00eda experimentado para tener la oportunidad de capturar una de las especies de trucha m\u00e1s grandes del mundo: la trucha m\u00e1rmol.<\/p>","protected":false},"author":44,"featured_media":0,"parent":0,"menu_order":15,"comment_status":"open","ping_status":"open","template":"","meta":{"_acf_changed":false,"footnotes":""},"class_list":["post-105","page","type-page","status-publish","hentry"],"acf":{"page_subheading":"We are stronger together."},"_links":{"self":[{"href":"https:\/\/slovenia-fly-fishing.com\/es\/wp-json\/wp\/v2\/pages\/105","targetHints":{"allow":["GET"]}}],"collection":[{"href":"https:\/\/slovenia-fly-fishing.com\/es\/wp-json\/wp\/v2\/pages"}],"about":[{"href":"https:\/\/slovenia-fly-fishing.com\/es\/wp-json\/wp\/v2\/types\/page"}],"author":[{"embeddable":true,"href":"https:\/\/slovenia-fly-fishing.com\/es\/wp-json\/wp\/v2\/users\/44"}],"replies":[{"embeddable":true,"href":"https:\/\/slovenia-fly-fishing.com\/es\/wp-json\/wp\/v2\/comments?post=105"}],"version-history":[{"count":1,"href":"https:\/\/slovenia-fly-fishing.com\/es\/wp-json\/wp\/v2\/pages\/105\/revisions"}],"predecessor-version":[{"id":655,"href":"https:\/\/slovenia-fly-fishing.com\/es\/wp-json\/wp\/v2\/pages\/105\/revisions\/655"}],"wp:attachment":[{"href":"https:\/\/slovenia-fly-fishing.com\/es\/wp-json\/wp\/v2\/media?parent=105"}],"curies":[{"name":"wp","href":"https:\/\/api.w.org\/{rel}","templated":true}]}}