{"id":119,"date":"2021-04-26T09:54:07","date_gmt":"2021-04-26T09:54:07","guid":{"rendered":"http:\/\/slovenia-fly-fishing.com\/know-before-you-go\/"},"modified":"2022-12-02T09:29:58","modified_gmt":"2022-12-02T09:29:58","slug":"know-before-you-go","status":"publish","type":"page","link":"https:\/\/slovenia-fly-fishing.com\/es\/know-before-you-go\/","title":{"rendered":"Inf\u00f3rmese antes de salir"},"content":{"rendered":"<h2 class=\"wp-block-heading\" id=\"how-to-prepare\"><strong>\u00bfC\u00f3mo preparar un viaje de pesca con mosca a Eslovenia?<\/strong><\/h2>\n\n\n\n<h3 class=\"wp-block-heading\" id=\"when-to-go\"><strong>\u00bfCu\u00e1ndo ir?<\/strong><\/h3>\n\n\n\n<p>Aunque se puede practicar durante todo el a\u00f1o, la mejor \u00e9poca para pescar con mosca en Eslovenia es en <strong>primavera y oto\u00f1o<\/strong>. Los mejores meses para que la mayor\u00eda de los r\u00edos est\u00e9n repletos de peces son abril, mayo y septiembre. Son los meses con una combinaci\u00f3n perfecta de menos turistas y temperaturas suficientemente c\u00e1lidas. En verano, es mejor buscar r\u00edos que no est\u00e9n cerca de ning\u00fan punto de inter\u00e9s popular, ya que puede haber bastantes visitantes en ellos. Aunque el invierno no es la mejor \u00e9poca para capturar la mayor\u00eda de las especies, es el \u00fanico momento para pescar el gran Huchen.<\/p>\n\n\n\n<figure class=\"wp-block-image\"><img decoding=\"async\" alt=\"Hintersee lake\" src=\"https:\/\/slovenia-fly-fishing.com\/wp-content\/uploads\/Hintersee-Lake-1.webp\"\/><\/figure>\n\n\n\n<h3 class=\"wp-block-heading\" id=\"which-river-to choose\"><strong>\u00bfQu\u00e9 r\u00edo elegir?<\/strong><\/h3>\n\n\n\n<p>Esta elecci\u00f3n depende de muchos factores, como el pez deseado, las preferencias de los alrededores y, por supuesto, la \u00e9poca del a\u00f1o. Si desea pescar la trucha marr\u00f3n o la arco iris, est\u00e1 de suerte, ya que puede encontrarlas en casi todos los r\u00edos de Eslovenia. Ahora bien, su pariente emblem\u00e1tica, la Trucha Marm\u00f3rea, es otra historia. S\u00f3lo se puede encontrar en los r\u00edos de la cuenca del Adri\u00e1tico, como <strong><a href=\"https:\/\/slovenia-fly-fishing.com\/es\/trips\/fly-fishing-soca\/\">So\u010da<\/a><\/strong> y sus afluentes. El t\u00edmalo, en cambio, es m\u00e1s abundante, pero hay que elegir bien los lugares para tener m\u00e1s posibilidades de pescarlo. Para cazar el gran Huchen, Sava ser\u00eda su mejor apuesta. No se preocupe, varios d\u00edas significan que siempre puede elegir m\u00e1s de un r\u00edo para pescar. Para que le resulte m\u00e1s f\u00e1cil organizar ese tipo de vacaciones, consulte algunos de nuestros <a class=\"wpil_keyword_link\" title=\"pesca con mosca\" data-wpil-keyword-link=\"linked\" href=\"https:\/\/slovenia-fly-fishing.com\/es\/\">pesca con mosca<\/a> vacaciones.<\/p>\n\n\n\n<figure class=\"wp-block-image\"><img decoding=\"async\" src=\"https:\/\/slovenia-fly-fishing.com\/wp-content\/uploads\/idrijca-7.webp\" alt=\"Idrijca\"\/><\/figure>\n\n\n\n<h3 class=\"wp-block-heading\" id=\"are-permits-needed\"><strong>\u00bfSe necesitan permisos?<\/strong><\/h3>\n\n\n\n<p>S\u00ed, necesitar\u00e1 un permiso para pescar en cualquiera de las aguas eslovenas. Salvo el mar, todos los r\u00edos y lagos est\u00e1n repartidos entre clubes de pesca. Cada uno de ellos expide permisos para unos cuantos r\u00edos y lagos bajo su gesti\u00f3n. Puede comprar la mayor\u00eda de estos permisos <strong>en l\u00ednea o f\u00edsicamente<\/strong> en el lugar en restaurantes, bares u hoteles cercanos. <\/p>\n\n\n\n<figure class=\"wp-block-image\"><img decoding=\"async\" src=\"https:\/\/slovenia-fly-fishing.com\/wp-content\/uploads\/resized-image-Promo-32.webp\" alt=\"fly-fishing-cover-light\"\/><\/figure>\n\n\n\n<h3 class=\"wp-block-heading\" id=\"should-i-come-well-equipped\"><strong>\u00bfDebo venir bien equipado?<\/strong><\/h3>\n\n\n\n<p>Eso depende de la forma en que viajes a Eslovenia, ya que ir en avi\u00f3n puede suponer que no puedas llevar muchas cosas tan f\u00e1cilmente como si vas en coche. Eso s\u00ed, ll\u00e9vate tus aparejos de pesca, ya que no ocupan mucho espacio y los tuyos son siempre los m\u00e1s fiables. Para ahorrarte el equipaje extra, te ofrecemos el <strong><a href=\"https:\/\/slovenia-fly-fishing.com\/es\/equipment-rental\/\">alquiler<\/a><\/strong> de todo el equipo necesario o especial que necesitar\u00e1 durante sus d\u00edas de pesca con mosca aqu\u00ed. Ca\u00f1as, vadeadores, la red de desembarque, excelentes moscas caseras, \u00a1lo que quiera! - Puede estar seguro de que tendr\u00e1 todo lo que necesita cuando vaya a pescar con mosca con nosotros.<\/p>","protected":false},"excerpt":{"rendered":"<p>\u00bfC\u00f3mo preparar un viaje de pesca con mosca a Eslovenia? \u00bfCu\u00e1ndo ir? Aunque se puede practicar durante todo el a\u00f1o, la mejor \u00e9poca para pescar con mosca en Eslovenia es la primavera y el oto\u00f1o. Los mejores meses para que la mayor\u00eda de los r\u00edos est\u00e9n repletos de peces son abril, mayo y septiembre. Son los meses con ... <a href=\"https:\/\/slovenia-fly-fishing.com\/es\/know-before-you-go\/\">Contin\u00faa en<\/a><\/p>","protected":false},"author":44,"featured_media":975,"parent":0,"menu_order":12,"comment_status":"open","ping_status":"open","template":"","meta":{"_acf_changed":false,"footnotes":""},"class_list":["post-119","page","type-page","status-publish","has-post-thumbnail","hentry"],"acf":{"page_subheading":"A quick guide to provide you with all of the essential information needed before getting here and enjoying your time fishing."},"_links":{"self":[{"href":"https:\/\/slovenia-fly-fishing.com\/es\/wp-json\/wp\/v2\/pages\/119","targetHints":{"allow":["GET"]}}],"collection":[{"href":"https:\/\/slovenia-fly-fishing.com\/es\/wp-json\/wp\/v2\/pages"}],"about":[{"href":"https:\/\/slovenia-fly-fishing.com\/es\/wp-json\/wp\/v2\/types\/page"}],"author":[{"embeddable":true,"href":"https:\/\/slovenia-fly-fishing.com\/es\/wp-json\/wp\/v2\/users\/44"}],"replies":[{"embeddable":true,"href":"https:\/\/slovenia-fly-fishing.com\/es\/wp-json\/wp\/v2\/comments?post=119"}],"version-history":[{"count":1,"href":"https:\/\/slovenia-fly-fishing.com\/es\/wp-json\/wp\/v2\/pages\/119\/revisions"}],"predecessor-version":[{"id":1646,"href":"https:\/\/slovenia-fly-fishing.com\/es\/wp-json\/wp\/v2\/pages\/119\/revisions\/1646"}],"wp:featuredmedia":[{"embeddable":true,"href":"https:\/\/slovenia-fly-fishing.com\/es\/wp-json\/wp\/v2\/media\/975"}],"wp:attachment":[{"href":"https:\/\/slovenia-fly-fishing.com\/es\/wp-json\/wp\/v2\/media?parent=119"}],"curies":[{"name":"wp","href":"https:\/\/api.w.org\/{rel}","templated":true}]}}