{"id":128,"date":"2022-05-24T13:02:26","date_gmt":"2022-05-24T13:02:26","guid":{"rendered":"http:\/\/slovenia-fly-fishing.com\/trout-fishing-in-slovenia\/"},"modified":"2022-12-28T14:47:46","modified_gmt":"2022-12-28T14:47:46","slug":"trout-fishing-in-slovenia","status":"publish","type":"page","link":"https:\/\/slovenia-fly-fishing.com\/es\/trout-fishing-in-slovenia\/","title":{"rendered":"Pesca de truchas en Eslovenia"},"content":{"rendered":"<h2 class=\"wp-block-heading\">Pesca de truchas en Eslovenia: experimente el para\u00edso de los Alpes<\/h2>\n\n\n\n<p>Si es aficionado a la pesca de la trucha y quiere conocer un lugar nuevo, Eslovenia es el lugar perfecto. Este peque\u00f1o pa\u00eds tiene <strong>muchos r\u00edos y lagos<\/strong> que proporcionan un excelente tel\u00f3n de fondo para la captura de truchas. La pesca de la trucha en Eslovenia es m\u00e1s frecuente<strong> en primavera, verano y oto\u00f1o<\/strong> cuando hace m\u00e1s calor.<\/p>\n\n\n\n<figure class=\"wp-block-image size-full\"><img decoding=\"async\" alt=\"Marble trout\" src=\"https:\/\/slovenia-fly-fishing.com\/wp-content\/uploads\/Marble-trout.webp\" class=\"wp-image-10200\"><figcaption>Pesca de truchas en Eslovenia<\/figcaption><\/figure>\n\n\n\n<h2 class=\"wp-block-heading\">Especies de trucha en Eslovenia<\/h2>\n\n\n\n<p>Hay muchos <strong>diferentes especies de trucha<\/strong> que viven en aguas eslovenas, pero todos tienen algo en com\u00fan: \u00a1son hermosos y siempre una pesca emocionante!<\/p>\n\n\n\n<h3 class=\"wp-block-heading\">Trucha marm\u00f3rea<\/h3>\n\n\n\n<p>La trucha de m\u00e1rmol es probablemente la especie m\u00e1s famosa entre los pescadores eslovenos. En <strong>vive en el r\u00edo So\u010da y sus afluentes<\/strong>que fluyen a trav\u00e9s del oeste de Eslovenia hacia Italia. En <strong>estaba casi extinguido<\/strong> debido a la sobrepesca, pero ahora hay muchos esfuerzos para proteger a este hermoso pez y asegurarse de que vivir\u00e1 lo suficiente para que los pescadores puedan volver a capturarlo.<\/p>\n\n\n\n<p>La trucha de m\u00e1rmol tiene un bonito color, lo que la convierte en una de las <strong>el pez de agua dulce m\u00e1s atractivo de Eslovenia<\/strong>. Por ejemplo, su dorso es marr\u00f3n oscuro o verde oliva con los costados y el vientre m\u00e1s claros, mientras que su cabeza tiene manchas amarillentas y rayas que van desde el ojo hasta la cola en ambos lados.<\/p>\n\n\n\n<p>Podr\u00e1 disfrutar de la pesca de la trucha Marble <strong>del 1 de abril al 30 de septiembre<\/strong>.<\/p>\n\n\n\n<figure class=\"wp-block-image size-large\"><img loading=\"lazy\" decoding=\"async\" width=\"1024\" height=\"498\" src=\"https:\/\/slovenia-fly-fishing.com\/wp-content\/uploads\/Soska-postrv-reka-SOCA-1-1-1024x498.webp\" alt=\"Small marble trout from So\u010da river\" class=\"wp-image-1437\" srcset=\"https:\/\/slovenia-fly-fishing.com\/wp-content\/uploads\/Soska-postrv-reka-SOCA-1-1-1024x498.webp 1024w, https:\/\/slovenia-fly-fishing.com\/wp-content\/uploads\/Soska-postrv-reka-SOCA-1-1-300x146.webp 300w, https:\/\/slovenia-fly-fishing.com\/wp-content\/uploads\/Soska-postrv-reka-SOCA-1-1-768x373.webp 768w, https:\/\/slovenia-fly-fishing.com\/wp-content\/uploads\/Soska-postrv-reka-SOCA-1-1-18x9.webp 18w, https:\/\/slovenia-fly-fishing.com\/wp-content\/uploads\/Soska-postrv-reka-SOCA-1-1.webp 1080w\" sizes=\"auto, (max-width: 1024px) 100vw, 1024px\" \/><figcaption class=\"wp-element-caption\">Peque\u00f1a trucha de m\u00e1rmol del r\u00edo So\u010da<\/figcaption><\/figure>\n\n\n\n<h3 class=\"wp-block-heading\">Trucha com\u00fan<\/h3>\n\n\n\n<p>La trucha com\u00fan es originaria de Eslovenia y puede ser <strong>que se encuentra en la mayor\u00eda de nuestros r\u00edos y lagos<\/strong>. Esta especie cl\u00e1sica de la pesca a mosca es tambi\u00e9n un excelente pez de mesa que se ha introducido en muchas zonas del mundo de donde no es originaria.<\/p>\n\n\n\n<p>Tiene el cuerpo de color amarillo-marr\u00f3n, gris oscuro, verde oliva o rojo cobrizo, salpicado de manchas de color rojo, o a veces negro o blanco. Se encuentra sobre todo en <strong>tramos superiores o medios de los arroyos<\/strong>Las m\u00e1s grandes se encuentran en aguas k\u00e1rsticas.<\/p>\n\n\n\n<p>La temporada de pesca dura <strong>de marzo a septiembre<\/strong>.<\/p>\n\n\n\n<figure class=\"wp-block-image size-full\"><img decoding=\"async\" src=\"https:\/\/slovenia-fly-fishing.com\/wp-content\/uploads\/brown-trout-1.webp\" alt=\"brown trout\" class=\"wp-image-8950\"\/><figcaption class=\"wp-element-caption\">Trucha com\u00fan<\/figcaption><\/figure>\n\n\n\n<h3 class=\"wp-block-heading\">Trucha arco iris<\/h3>\n\n\n\n<p>La trucha arco iris es un pez precioso. Su <strong>flanco arco iris<\/strong> la hace f\u00e1cilmente distinguible de otras especies. Tambi\u00e9n es <strong>muy adaptable<\/strong> y pueden encontrarse en muchos tipos de agua. Los m\u00e1s grandes pueden alcanzar un tama\u00f1o de 90 cm y pesar hasta 10 kg.<\/p>\n\n\n\n<p>Aunque no es muy exigente y pica bastante en el cebo, tambi\u00e9n es <strong>muy valiente<\/strong> y no se rinde tan f\u00e1cilmente despu\u00e9s. Por eso es una especie muy apreciada por los pescadores que buscan un combate emocionante.<\/p>\n\n\n\n<p>La pesca <strong>la temporada comienza en marzo<\/strong> (en abril para So\u010da) y dura <strong>hasta finales de noviembre<\/strong>.<\/p>\n\n\n\n<figure class=\"wp-block-image size-full\"><img decoding=\"async\" src=\"https:\/\/slovenia-fly-fishing.com\/wp-content\/uploads\/rainbow-trout-2.webp\" alt=\"rainbow trout\" class=\"wp-image-9235\"\/><figcaption class=\"wp-element-caption\">Trucha arco iris<\/figcaption><\/figure>\n\n\n\n<h2 class=\"wp-block-heading\">Los mejores r\u00edos para pescar truchas en Eslovenia<\/h2>\n\n\n\n<p>Las truchas son una de las especies de peces m\u00e1s extendidas en los r\u00edos eslovenos. Especialmente la trucha com\u00fan, que aqu\u00ed se puede encontrar en casi cualquier masa de agua en movimiento.&nbsp;<\/p>\n\n\n\n<p>Aunque no se puede decir lo mismo de la Trucha Marm\u00f3rea, sigue siendo dif\u00edcil elegir el r\u00edo equivocado si lo que quieres es pescar truchas en Eslovenia.<\/p>\n\n\n\n<h3 class=\"wp-block-heading\">R\u00edo So\u010da<\/h3>\n\n\n\n<p>El So\u010da no es s\u00f3lo el mejor r\u00edo de Eslovenia para la pesca de la trucha, tambi\u00e9n es el mejor r\u00edo de Eslovenia para la pesca de la trucha. <strong>r\u00edo esloveno m\u00e1s emblem\u00e1tico<\/strong> en general. Con su <strong>color esmeralda<\/strong> del agua y un entorno alpino asombroso, es un destino de primera tanto para pescadores como para otros exploradores de Eslovenia.<\/p>\n\n\n\n<p>Y tambi\u00e9n es el \u00fanico r\u00edo de Eslovenia (junto con sus afluentes) donde se puede <strong>capturar la escurridiza Trucha Marm\u00f3rea<\/strong>. Todo aspirante a pescador puede ir a Marble Trout <a href=\"https:\/\/slovenia-fly-fishing.com\/es\/trips\/fly-fishing-soca\/\">pesca con mosca en el r\u00edo So\u010da<\/a> y capture algunos de los peces m\u00e1s magn\u00edficos de las aguas eslovenas.<\/p>\n\n\n\n<p>En <strong>La temporada se abre en abril<\/strong> y se puede disfrutar a lo largo de los 50 kil\u00f3metros de cascadas y pozas, excluyendo las gargantas poco accesibles pero de gran belleza.<\/p>\n\n\n\n<figure class=\"wp-block-image size-full\"><img decoding=\"async\" src=\"https:\/\/slovenia-fly-fishing.com\/wp-content\/uploads\/River-Soca.webp\" alt=\"River Soca\" class=\"wp-image-4355\"\/><figcaption class=\"wp-element-caption\">R\u00edo So\u010da<\/figcaption><\/figure>\n\n\n\n<h3 class=\"wp-block-heading\">Sava Bohinjka<\/h3>\n\n\n\n<p>Del lago Bohinj, el mayor de Eslovenia, nace el Sava Bohinjka. Este r\u00edo m\u00e1s tarde <strong>converge con Sava Dolinka<\/strong> el r\u00edo esloveno m\u00e1s largo, el Sava.<\/p>\n\n\n\n<p>Pero antes de que eso ocurra, Sava Bohinjka es un para\u00edso para los pescadores con mosca, ya que <strong>uno de los r\u00edos m\u00e1s poblados<\/strong> en Eslovenia. Adem\u00e1s del <strong>Grayling<\/strong>El <strong>Trucha com\u00fan y trucha arco iris<\/strong> son las especies de peces m\u00e1s comunes en el r\u00edo. Inst\u00e1lese en uno de los bancos de arena de f\u00e1cil acceso y disfrute de su jornada de <a href=\"https:\/\/slovenia-fly-fishing.com\/es\/trips\/fly-fishing-sava-bohinjka\/\">pesca con mosca en Sava Bohinjka<\/a>.<\/p>\n\n\n\n<figure class=\"wp-block-image size-full\"><img decoding=\"async\" src=\"https:\/\/slovenia-fly-fishing.com\/wp-content\/uploads\/bohinjka-2.webp\" alt=\"Sava Bohinjka\" class=\"wp-image-8941\"\/><figcaption class=\"wp-element-caption\">Sava Bohinjka<\/figcaption><\/figure>\n\n\n\n<h3 class=\"wp-block-heading\">R\u00edo Idrijca<\/h3>\n\n\n\n<p>Si desea <strong>al\u00e9jese de las aglomeraciones veraniegas del r\u00edo So\u010da<\/strong> pero a\u00fan as\u00ed intentar pescar la emblem\u00e1tica Trucha de M\u00e1rmol, el r\u00edo Idrijca es la mejor opci\u00f3n. Como afluente del So\u010da, es igual de bueno o incluso mejor. <strong>destino para la pesca de la Trucha Marm\u00f3rea<\/strong> en Eslovenia que la primera.<\/p>\n\n\n\n<p>Sus charcas verdes son ricas en alimento, lo que hace que las truchas marm\u00f3reas de aqu\u00ed crezcan hasta <strong>tama\u00f1os de registro<\/strong>. Aun as\u00ed, son menos frecuentes que sus primas, la trucha com\u00fan y la trucha arco iris.<\/p>\n\n\n\n<p>Tambi\u00e9n es posible ir <a href=\"https:\/\/slovenia-fly-fishing.com\/es\/trips\/fly-fishing-idrijca\/\">pesca con mosca en Idrijca<\/a> en <strong>inicio de la primavera<\/strong> cuando So\u010da a\u00fan est\u00e1 demasiado fr\u00eda por todo el deshielo de los Alpes Julianos circundantes.<\/p>\n\n\n\n<figure class=\"wp-block-image size-full\"><img decoding=\"async\" src=\"https:\/\/slovenia-fly-fishing.com\/wp-content\/uploads\/shutterstock_1540813016-1654x1280-1-1-1-1-1-1-1-1-1-1-1-1-1.webp\" alt=\"Idrijca River\" class=\"wp-image-9289\"\/><figcaption class=\"wp-element-caption\">R\u00edo Idrijca<\/figcaption><\/figure>\n\n\n\n<h3 class=\"wp-block-heading\">R\u00edo Savinja<\/h3>\n\n\n\n<p>Escondido en el noreste del pa\u00eds se encuentra el r\u00edo Savinja. Un r\u00edo poco conocido pero extremadamente <strong>rico en pescado<\/strong>fluye desde su nacimiento en la cascada de Rinka, de 90 metros, en el panor\u00e1mico valle de Logar, hasta la confluencia con el r\u00edo Sava.<\/p>\n\n\n\n<p>Por su abundancia de ox\u00edgeno y alimentos, <strong>varias especies de peces<\/strong> han encontrado aqu\u00ed su hogar. Las m\u00e1s comunes son <strong>Trucha com\u00fan<\/strong> y <strong>Grayling<\/strong>r\u00edo abajo por el <strong>Trucha arco iris<\/strong> y alg\u00fan gigante <strong>Huchen<\/strong>.<\/p>\n\n\n\n<p>Algunos de los lugares m\u00e1s populares para disfrutar <a href=\"https:\/\/slovenia-fly-fishing.com\/es\/trips\/fly-fishing-savinja\/\">pesca con mosca en Savinja<\/a> est\u00e1n cerca de la ciudad de <strong>Ljubno ob Savinji<\/strong>donde cada pescador puede encontrar un lugar tranquilo para s\u00ed mismo.<\/p>\n\n\n\n<figure class=\"wp-block-image size-full\"><img decoding=\"async\" src=\"https:\/\/slovenia-fly-fishing.com\/wp-content\/uploads\/Savinja6-1.webp\" alt=\"Savinja River\" class=\"wp-image-10199\"\/><figcaption class=\"wp-element-caption\">R\u00edo Savinja<\/figcaption><\/figure>\n\n\n\n<h2 class=\"wp-block-heading\">Las mejores moscas para pescar truchas en Eslovenia<\/h2>\n\n\n\n<p>Existen <strong>cuatro t\u00e9cnicas de pesca principales<\/strong> para enga\u00f1ar a la trucha y que pique. Dependen del tipo de mosca que utilices. Aunque son diferentes, puedes optar por cualquiera de ellas y seguir teniendo bastantes posibilidades de pescar una trucha.<\/p>\n\n\n\n<p>La elecci\u00f3n de la t\u00e9cnica depende principalmente de sus preferencias y de su experiencia en la pesca con mosca. Nuestro gu\u00eda le asesorar\u00e1 al respecto y le garantizar\u00e1 el \u00e9xito de su salida de pesca.<\/p>\n\n\n\n<h3 class=\"wp-block-heading\">Pesca a mosca seca<\/h3>\n\n\n\n<p>La pesca con mosca seca es una t\u00e9cnica en la que el pescador utiliza <strong>un cebo que se posa en la superficie del agua del r\u00edo<\/strong> y no se sumerge. Las moscas secas representan peque\u00f1os insectos acu\u00e1ticos, como las moscas de los juncos, o insectos que caen al r\u00edo o son arrastrados hasta all\u00ed por el viento, como saltamontes u orugas.<\/p>\n\n\n\n<p>Tienen que ser maniobrados por el pescador para que el cebo imite c\u00f3mo fluir\u00edan las moscas reales en la corriente. Es la \u00fanica forma de convencer a las truchas para que rompan la superficie del agua y piquen el anzuelo.<\/p>\n\n\n\n<h3 class=\"wp-block-heading\">Pesca con mosca h\u00fameda<\/h3>\n\n\n\n<p>Usos de la pesca con mosca h\u00fameda <strong>moscas flotando justo debajo de la superficie del agua<\/strong> como cebo. Est\u00e1n equipadas con un componente lastrado para que se sumerjan. Las moscas mojadas imitan a diversos insectos acu\u00e1ticos cuando nadan hacia la superficie.<\/p>\n\n\n\n<p>Aunque menos emocionante de ver, es menos complicado de dominar para los principiantes, e incluso los pescadores experimentados no est\u00e1n en contra de utilizar esta t\u00e9cnica para garantizar una buena recompensa.&nbsp;<\/p>\n\n\n\n<h3 class=\"wp-block-heading\">A ninfa<\/h3>\n\n\n\n<p>La pesca a ninfa es la t\u00e9cnica de pesca a mosca m\u00e1s reciente. En este enfoque, <strong>las moscas artificiales se parecen a las larvas acu\u00e1ticas<\/strong>. Funcionan cuando se sumergen hasta el o cerca del fondo del r\u00edo para enganchar una trucha.&nbsp;<\/p>\n\n\n\n<p>El pescador debe conocer bien el lugar de pesca, ya que la naturaleza del r\u00edo en ese tramo determina la profundidad a la que debe llegar la ninfa.<\/p>\n\n\n\n<h3 class=\"wp-block-heading\">Pesca en arroyos<\/h3>\n\n\n\n<p>Las streamers son las moscas de mayor tama\u00f1o utilizadas en la pesca a mosca. Se pueden encontrar en <strong>se asemejan a peces cebo y sanguijuelas, alimento de peces depredadores<\/strong>. Seg\u00fan su peso, pueden hundirse profundamente bajo la superficie del r\u00edo o derivar de forma natural con la corriente.<\/p>\n\n\n\n<p>Los pescadores utilizan una t\u00e1ctica en la que dirigen la mosca para que parezca que huye y as\u00ed incitar a los peces m\u00e1s grandes a perseguirla.<\/p>\n\n\n\n<h2 class=\"wp-block-heading\">Artes de pesca de la trucha<\/h2>\n\n\n\n<p>Observar a pescadores experimentados con todo su equipo de pesca puede resultar abrumador si a\u00fan est\u00e1s al principio de tu carrera como pescador, pero en realidad s\u00f3lo necesitas lo esencial. Por ejemplo <strong>ca\u00f1a de pescar<\/strong>, <strong>vadeadores<\/strong> y <strong>botas<\/strong> para mantenerse seco, un <strong>red de aterrizaje<\/strong>y un paquete de <strong>moscas<\/strong> para atraer a los peces.<\/p>\n\n\n\n<figure class=\"wp-block-image size-large\"><img loading=\"lazy\" decoding=\"async\" width=\"1024\" height=\"769\" src=\"https:\/\/slovenia-fly-fishing.com\/wp-content\/uploads\/IMG_9901-scaled-1-1024x769.webp\" alt=\"Fishing gear\" class=\"wp-image-1124\" srcset=\"https:\/\/slovenia-fly-fishing.com\/wp-content\/uploads\/IMG_9901-scaled-1-1024x769.webp 1024w, https:\/\/slovenia-fly-fishing.com\/wp-content\/uploads\/IMG_9901-scaled-1-300x225.webp 300w, https:\/\/slovenia-fly-fishing.com\/wp-content\/uploads\/IMG_9901-scaled-1-768x576.webp 768w, https:\/\/slovenia-fly-fishing.com\/wp-content\/uploads\/IMG_9901-scaled-1-1536x1153.webp 1536w, https:\/\/slovenia-fly-fishing.com\/wp-content\/uploads\/IMG_9901-scaled-1-16x12.webp 16w, https:\/\/slovenia-fly-fishing.com\/wp-content\/uploads\/IMG_9901-scaled-1.webp 1920w\" sizes=\"auto, (max-width: 1024px) 100vw, 1024px\" \/><figcaption class=\"wp-element-caption\">Artes de pesca<\/figcaption><\/figure>\n\n\n\n<p>Disponer de estos equipos cruciales significa que no tendr\u00e1 ning\u00fan impedimento para pescar truchas en Eslovenia.<\/p>\n\n\n\n<p>Para facilitarte las cosas, alquilamos todos los art\u00edculos mencionados, que puedes <a href=\"https:\/\/slovenia-fly-fishing.com\/es\/equipment-rental\/\">Compru\u00e9belo aqu\u00ed<\/a>.<\/p>\n\n\n\n<h2 class=\"wp-block-heading\">Temporada de pesca de la trucha<\/h2>\n\n\n\n<p>La temporada de pesca de la trucha dura <strong>de principios de abril a finales de septiembre<\/strong> en Eslovenia, presentando cada uno de los dos meses uno de los dos picos de la temporada. Los meses de verano intermedios tambi\u00e9n son apropiados, pero los paseos mar\u00edtimos se llenan de turistas y las temperaturas tienden a subir.<br>En nuestro <a href=\"https:\/\/slovenia-fly-fishing.com\/es\/fly-fishing-season\/\">temporada de pesca con mosca<\/a> secci\u00f3n.<\/p>\n\n\n\n<h2 class=\"wp-block-heading\">\u00a1\u00danase a nosotros en un viaje de pesca con mosca!<\/h2>\n\n\n\n<p>Por supuesto, las truchas, y especialmente las truchas marm\u00f3reas, son algunas de las especies m\u00e1s populares para la pesca a mosca. Junto con otras especies de pesca a mosca (como el t\u00edmalo o el huchen), tambi\u00e9n se pueden encontrar en otros r\u00edos eslovenos.<\/p>\n\n\n\n<p>Descubra todo sobre ellos consultando otros sitios igualmente interesantes. <a href=\"https:\/\/slovenia-fly-fishing.com\/es\/trips\/\">viajes de pesca con mosca en Eslovenia<\/a>. No lo dude, los gu\u00edas de pesca con mosca est\u00e1n al completo a principios de temporada.<\/p>","protected":false},"excerpt":{"rendered":"<p>Pesca de truchas en Eslovenia: experimente el para\u00edso en los Alpes Si es aficionado a la pesca de truchas y desea conocer un lugar nuevo, Eslovenia es el lugar perfecto. Este peque\u00f1o pa\u00eds cuenta con numerosos r\u00edos y lagos que ofrecen un excelente escenario para pescar truchas. La pesca de la trucha en Eslovenia es m\u00e1s frecuente en primavera, ... <a href=\"https:\/\/slovenia-fly-fishing.com\/es\/trout-fishing-in-slovenia\/\">Contin\u00faa en<\/a><\/p>","protected":false},"author":44,"featured_media":1615,"parent":0,"menu_order":2,"comment_status":"open","ping_status":"open","template":"","meta":{"_acf_changed":false,"footnotes":""},"class_list":["post-128","page","type-page","status-publish","has-post-thumbnail","hentry"],"acf":{"page_subheading":"A complete guide about Slovenia Trout fishing: Discover the most popular rivers and trout species in Slovenia, including the legendary Marble Trout."},"_links":{"self":[{"href":"https:\/\/slovenia-fly-fishing.com\/es\/wp-json\/wp\/v2\/pages\/128","targetHints":{"allow":["GET"]}}],"collection":[{"href":"https:\/\/slovenia-fly-fishing.com\/es\/wp-json\/wp\/v2\/pages"}],"about":[{"href":"https:\/\/slovenia-fly-fishing.com\/es\/wp-json\/wp\/v2\/types\/page"}],"author":[{"embeddable":true,"href":"https:\/\/slovenia-fly-fishing.com\/es\/wp-json\/wp\/v2\/users\/44"}],"replies":[{"embeddable":true,"href":"https:\/\/slovenia-fly-fishing.com\/es\/wp-json\/wp\/v2\/comments?post=128"}],"version-history":[{"count":3,"href":"https:\/\/slovenia-fly-fishing.com\/es\/wp-json\/wp\/v2\/pages\/128\/revisions"}],"predecessor-version":[{"id":1685,"href":"https:\/\/slovenia-fly-fishing.com\/es\/wp-json\/wp\/v2\/pages\/128\/revisions\/1685"}],"wp:featuredmedia":[{"embeddable":true,"href":"https:\/\/slovenia-fly-fishing.com\/es\/wp-json\/wp\/v2\/media\/1615"}],"wp:attachment":[{"href":"https:\/\/slovenia-fly-fishing.com\/es\/wp-json\/wp\/v2\/media?parent=128"}],"curies":[{"name":"wp","href":"https:\/\/api.w.org\/{rel}","templated":true}]}}