{"id":101,"date":"2020-04-22T22:31:31","date_gmt":"2020-04-22T22:31:31","guid":{"rendered":"http:\/\/slovenia-fly-fishing.com\/equipment-rental\/"},"modified":"2023-01-12T16:23:13","modified_gmt":"2023-01-12T16:23:13","slug":"equipment-rental","status":"publish","type":"page","link":"https:\/\/slovenia-fly-fishing.com\/sv\/equipment-rental\/","title":{"rendered":"Uthyrning av utrustning"},"content":{"rendered":"<h3 class=\"wp-block-heading\" id=\"headline-51-1209\">Beskrivning<\/h3>\n\n\n\n<p>Om du reser till Slovenien med flyg eller om du inte har tillr\u00e4ckligt med plats i din bil \u00e4r hyrutrustning en l\u00f6sning som g\u00f6r din fiskeupplevelse mycket enklare och bekymmersfri.<\/p>\n\n\n\n<p>Vi tillhandah\u00e5ller allt, fr\u00e5n sp\u00f6 till flugor.<\/p>\n\n\n\n<p>\u00c4ven om du inte best\u00e4mmer dig f\u00f6r att ta en guidad tur och bara beh\u00f6ver redskapen \u00e4r vi h\u00e4r f\u00f6r att tillhandah\u00e5lla dem.<\/p>\n\n\n\n<p>F\u00f6rteckningen \u00f6ver&nbsp;<a href=\"https:\/\/slovenia-fly-fishing.com\/sv\/\">flugfiske<\/a>&nbsp;utrustning som du kan hyra f\u00f6r ditt flugfiske\u00e4ventyr i Slovenien tillsammans med priset:<\/p>\n\n\n\n<figure class=\"wp-block-image size-large\"><img loading=\"lazy\" decoding=\"async\" width=\"1024\" height=\"683\" src=\"https:\/\/slovenia-fly-fishing.com\/wp-content\/uploads\/20182191_10155116575749221_1870572817_o-scaled-2-1024x683.webp\" alt=\"\" class=\"wp-image-1616\" srcset=\"https:\/\/slovenia-fly-fishing.com\/wp-content\/uploads\/20182191_10155116575749221_1870572817_o-scaled-2-1024x683.webp 1024w, https:\/\/slovenia-fly-fishing.com\/wp-content\/uploads\/20182191_10155116575749221_1870572817_o-scaled-2-300x200.webp 300w, https:\/\/slovenia-fly-fishing.com\/wp-content\/uploads\/20182191_10155116575749221_1870572817_o-scaled-2-768x512.webp 768w, https:\/\/slovenia-fly-fishing.com\/wp-content\/uploads\/20182191_10155116575749221_1870572817_o-scaled-2-1536x1024.webp 1536w, https:\/\/slovenia-fly-fishing.com\/wp-content\/uploads\/20182191_10155116575749221_1870572817_o-scaled-2-18x12.webp 18w, https:\/\/slovenia-fly-fishing.com\/wp-content\/uploads\/20182191_10155116575749221_1870572817_o-scaled-2.webp 1920w\" sizes=\"auto, (max-width: 1024px) 100vw, 1024px\" \/><figcaption class=\"wp-element-caption\">Fiskarens f\u00e5ngst<\/figcaption><\/figure>\n\n\n\n<h3 class=\"wp-block-heading\" id=\"headline-92-1209\">Utrustning f\u00f6r flugfiske<\/h3>\n\n\n\n<ul class=\"wp-block-list\">\n<li>Stav 30\u20ac<\/li>\n\n\n\n<li>Waders + st\u00f6vlar 30\u20ac<\/li>\n\n\n\n<li>Paket med 5 flugor (du f\u00e5r beh\u00e5lla dem) 20\u20ac<\/li>\n\n\n\n<li>Paket med 10 flugor (du f\u00e5r beh\u00e5lla dem) 30\u20ac<\/li>\n\n\n\n<li>Belly boat 50\u20ac<\/li>\n\n\n\n<li><strong>Komplett paket<\/strong>&nbsp;(sp\u00f6, vadare, st\u00f6vlar, landningsn\u00e4t) 50 \u20ac.<\/li>\n<\/ul>\n\n\n\n<p>Om du f\u00f6redrar det, kan vi ocks\u00e5 ordna&nbsp;<strong>Avl\u00e4mning och upph\u00e4mtning<\/strong>, som kostar 40 euro.<\/p>","protected":false},"excerpt":{"rendered":"<p>Beskrivning Om du reser till Slovenien med flyg eller inte har tillr\u00e4ckligt med plats i bilen \u00e4r uthyrning av utrustning en l\u00f6sning som kommer att g\u00f6ra din fiskeupplevelse mycket enklare och bekymmersfri. Vi tillhandah\u00e5ller allt, fr\u00e5n sp\u00f6 till flugor. \u00c4ven om du inte best\u00e4mmer dig f\u00f6r att ta en guidad resa och bara ... <a href=\"https:\/\/slovenia-fly-fishing.com\/sv\/equipment-rental\/\">Forts\u00e4ttning<\/a><\/p>","protected":false},"author":44,"featured_media":975,"parent":0,"menu_order":6,"comment_status":"open","ping_status":"open","template":"","meta":{"_acf_changed":false,"footnotes":""},"class_list":["post-101","page","type-page","status-publish","has-post-thumbnail","hentry"],"acf":{"page_subheading":"A perfect solution for those, who can\u2019t bring your own equipment with you. We'll have you covered with rods, waders, baits and tents."},"_links":{"self":[{"href":"https:\/\/slovenia-fly-fishing.com\/sv\/wp-json\/wp\/v2\/pages\/101","targetHints":{"allow":["GET"]}}],"collection":[{"href":"https:\/\/slovenia-fly-fishing.com\/sv\/wp-json\/wp\/v2\/pages"}],"about":[{"href":"https:\/\/slovenia-fly-fishing.com\/sv\/wp-json\/wp\/v2\/types\/page"}],"author":[{"embeddable":true,"href":"https:\/\/slovenia-fly-fishing.com\/sv\/wp-json\/wp\/v2\/users\/44"}],"replies":[{"embeddable":true,"href":"https:\/\/slovenia-fly-fishing.com\/sv\/wp-json\/wp\/v2\/comments?post=101"}],"version-history":[{"count":4,"href":"https:\/\/slovenia-fly-fishing.com\/sv\/wp-json\/wp\/v2\/pages\/101\/revisions"}],"predecessor-version":[{"id":1708,"href":"https:\/\/slovenia-fly-fishing.com\/sv\/wp-json\/wp\/v2\/pages\/101\/revisions\/1708"}],"wp:featuredmedia":[{"embeddable":true,"href":"https:\/\/slovenia-fly-fishing.com\/sv\/wp-json\/wp\/v2\/media\/975"}],"wp:attachment":[{"href":"https:\/\/slovenia-fly-fishing.com\/sv\/wp-json\/wp\/v2\/media?parent=101"}],"curies":[{"name":"wp","href":"https:\/\/api.w.org\/{rel}","templated":true}]}}