{"id":103,"date":"2020-04-23T09:56:30","date_gmt":"2020-04-23T09:56:30","guid":{"rendered":"http:\/\/slovenia-fly-fishing.com\/fly-fishing-season\/"},"modified":"2022-12-02T09:31:37","modified_gmt":"2022-12-02T09:31:37","slug":"fly-fishing-season","status":"publish","type":"page","link":"https:\/\/slovenia-fly-fishing.com\/sv\/fly-fishing-season\/","title":{"rendered":"S\u00e4song f\u00f6r flugfiske"},"content":{"rendered":"<h3 class=\"wp-block-heading\"><strong>Januari och februari<\/strong><\/h3>\n\n\n\n<p>\u00d6ringfiskes\u00e4songen \u00e4r i g\u00e5ng och de mest extrema flugfiskarna kan prova sina f\u00e4rdigheter i att fiska efter slovenska Huchen, som \u00e4r mycket popul\u00e4r bland lokalbefolkningen. Floder <a href=\"https:\/\/slovenia-fly-fishing.com\/sv\/trips\/fly-fishing-sava-bohinjka\/\"><strong>Sava Bohinjka<\/strong> <\/a>och <strong><a href=\"https:\/\/slovenia-fly-fishing.com\/sv\/trips\/fly-fishing-sava\/\">Sava<\/a><\/strong> erbjuder n\u00e5gra perfekta platser f\u00f6r denna typ av fiske. Men kom ih\u00e5g att det \u00e4r m\u00f6jligt att s\u00f6ka efter Huchen. <strong>till och med den 15 februari.<\/strong><\/p>\n\n\n\n<h3 class=\"wp-block-heading\"><strong>Mars<\/strong><\/h3>\n\n\n\n<p><strong>B\u00f6rjan av flugfiskes\u00e4songen<\/strong> f\u00f6r alla som har v\u00e4ntat nerv\u00f6st hemma och dr\u00f6mt om att f\u00e5 s\u00e4tta ig\u00e5ng linan och f\u00e5nga \u00e5rets f\u00f6rsta \u00f6ring. Floderna \u00e4r fortfarande kalla och vattnet kan vara lite h\u00f6gre \u00e4n vanligt p\u00e5 grund av sn\u00f6sm\u00e4ltningen i bergen, men trots detta kommer \u00e4kta fiskare definitivt att pr\u00f6va lyckan i de floder som \u00f6ppnar den h\u00e4r m\u00e5naden, och anstr\u00e4ngningen bel\u00f6nas vanligtvis med en fin f\u00e5ngst. Mars \u00e4r f\u00f6rmodligen den tid d\u00e5 du \u00e4r i st\u00f6rst behov av en guide som hj\u00e4lper dig att hitta r\u00e4tt plats och med oss som en av de <strong><a href=\"https:\/\/slovenia-fly-fishing.com\/sv\/\">b\u00e4sta guide f\u00f6r flugfiske i Slovenien<\/a><\/strong>Du kan vara s\u00e4ker p\u00e5 att v\u00e5ra guider kommer att f\u00e5 dig p\u00e5 fisken.<\/p>\n\n\n\n<h3 class=\"wp-block-heading\"><strong>April<\/strong><\/h3>\n\n\n\n<p>April \u00e4r&nbsp;<strong>en av de mest hektiska m\u00e5naderna n\u00e4r det g\u00e4ller flugfiske.<\/strong>&nbsp;i Slovenien. Till och med de som hade funderat p\u00e5 att fiska i mars hoppar nu i sina vadarbyxor och fiskar sina favoritfloder, som nu \u00e4r \u00f6ppna i hela Slovenien (utom Unica, som \u00f6ppnar 1,5). Vattentemperaturen stiger och det g\u00f6r \u00e4ven fiskaktiviteten. Livet vid floden vaknar upp fr\u00e5n den kalla, m\u00f6rka vintern, vilket inneb\u00e4r mer mat i floden f\u00f6r hungriga fiskar och fler bett f\u00f6r de fiskhungriga fiskarna. Definitivt en av de b\u00e4sta m\u00e5naderna f\u00f6r flugfiske i Slovenien.<\/p>\n\n\n\n<h3 class=\"wp-block-heading\"><strong>Maj<\/strong><\/h3>\n\n\n\n<p>Fortfarande&nbsp;<strong>h\u00f6gs\u00e4song<\/strong>&nbsp;f\u00f6r flugfiske i Slovenien, b\u00e5de n\u00e4r det g\u00e4ller antalet flugfiskare och antalet hugg. Efter den f\u00f6r\u00e4nderliga april har v\u00e4dret nu lugnat ner sig, det \u00e4r varmt, dagarna blir l\u00e4ngre och det, tillsammans med fiskaktiviteten, \u00e4r naturen som kallar flugfiskarna att komma och fiska s\u00e5 mycket de kan. T\u00e4nk p\u00e5 att detta \u00e4r tiden f\u00f6re sommarsemestern och den sista m\u00e5naden f\u00f6re september d\u00e5 floderna fortfarande bara tillh\u00f6r fiskarna. Om du vill ha lugn och ro \u00e4r det din sista chans att prova p\u00e5 flugfiske i Slovenien.<\/p>\n\n\n\n<h3 class=\"wp-block-heading\"><strong>Juni, juli, augusti<\/strong><\/h3>\n\n\n\n<p>Perfekt&nbsp;<strong>tid f\u00f6r semester<\/strong>, inte bara vid havet, utan ocks\u00e5 vid floden. Om du reser till Slovenien, gl\u00f6m inte att ta med dig ett sp\u00f6 och boka en dag f\u00f6r flugfiske p\u00e5 en av de m\u00e5nga vackra slovenska floderna. Eftersom det kan vara sv\u00e5rt att fiska p\u00e5 de flesta popul\u00e4ra turistm\u00e5len under dagen, kan du v\u00e4lja att flugfiska p\u00e5 floder som \u00e4r mindre trafikerade eller att jaga tidiga morgnar och sena eftermiddagar, den vackraste och mest produktiva tiden f\u00f6r flugfiske p\u00e5 sommaren.<\/p>\n\n\n\n<h3 class=\"wp-block-heading\"><strong>September<\/strong><\/h3>\n\n\n\n<p>September \u00e4r den&nbsp;<strong>den andra h\u00f6gs\u00e4songen f\u00f6r flugfiske i Slovenien<\/strong>. Folkmassorna p\u00e5 floden f\u00f6rsvinner och floderna tillh\u00f6r \u00e5terigen fiskarna. Fisken \u00e4r hungrig efter sommarens st\u00f6rningar och \u00e5terv\u00e4nder till de platser som tagits ifr\u00e5n dem under sommaren. Temperaturerna \u00e4r fortfarande h\u00f6ga, dagarna \u00e4r l\u00e5nga och du kan fiska hela dagen, s\u00e5 det \u00e4r den perfekta tiden f\u00f6r Fly fishing holidays. Du kan flytta fr\u00e5n flod till flod, s\u00e4tta upp ett m\u00e5l att f\u00e5nga specifika fiskarter som t.ex. marbel\u00f6ring eller helt enkelt njuta av att fiska och se hur naturen sakta f\u00f6r\u00e4ndras till de vackraste f\u00e4rgerna.<\/p>\n\n\n\n<h3 class=\"wp-block-heading\"><strong>Oktober<\/strong><\/h3>\n\n\n\n<p>H\u00f6sten \u00e4r p\u00e5 v\u00e4g, floderna \u00e4r vackrast den h\u00e4r tiden p\u00e5 \u00e5ret och fiskarna likas\u00e5. Det \u00e4r dags att f\u00e5nga en <strong>Gr\u00e5sugga<\/strong> eftersom denna fiskart \u00e4r s\u00e4rskilt aktiv under h\u00f6stens flugfiskes\u00e4song. En av de b\u00e4sta platserna f\u00f6r detta \u00e4r floderna Unica och Idrijca. Men t\u00e4nk p\u00e5 att vissa floder st\u00e4nger i slutet av m\u00e5naden, s\u00e5 h\u00e5ll koll p\u00e5 datumen! Dessutom b\u00f6rjar s\u00e4songen f\u00f6r Huchen den h\u00e4r m\u00e5naden, ytterligare en anledning att bes\u00f6ka den.<\/p>\n\n\n\n<h3 class=\"wp-block-heading\"><strong>November<\/strong><\/h3>\n\n\n\n<p>Sista dagarna av flugfiskes\u00e4songen i Slovenien. Detta \u00e4r tiden f\u00f6r uth\u00e5lliga fiskare, eftersom f\u00f6rh\u00e5llandena inte \u00e4r lika idealiska som under de varma m\u00e5naderna. Naturen f\u00f6rbereder sig f\u00f6r n\u00e5gra m\u00e5naders vila, s\u00e5 det \u00e4r nu du verkligen vill vara vid floden om du gillar lugn och ro, bara du, floden, fisken och naturligtvis v\u00e5r flugfiskeguide som hj\u00e4lper dig.<\/p>\n\n\n\n<h3 class=\"wp-block-heading\"><strong>December<\/strong><\/h3>\n\n\n\n<p>I december vilar allting, utom Huchen som \u00e4r mycket aktiv under dessa vinterm\u00e5nader.<\/p>","protected":false},"excerpt":{"rendered":"<p>Januari &amp; februari \u00d6ringfiskes\u00e4songen st\u00e5r stilla, de mest extrema flugfiskarna kan prova sina f\u00e4rdigheter i fiske efter slovenska Huchen, som \u00e4r mycket popul\u00e4r bland lokalbefolkningen. Floderna Sava Bohinjka och Sava erbjuder n\u00e5gra perfekta platser f\u00f6r denna typ av fiske. Men kom ih\u00e5g att det \u00e4r m\u00f6jligt att fiska Huchen fram till den 15:e ... <a href=\"https:\/\/slovenia-fly-fishing.com\/sv\/fly-fishing-season\/\">Forts\u00e4ttning<\/a><\/p>","protected":false},"author":44,"featured_media":1328,"parent":0,"menu_order":7,"comment_status":"open","ping_status":"open","template":"","meta":{"_acf_changed":false,"footnotes":""},"class_list":["post-103","page","type-page","status-publish","has-post-thumbnail","hentry"],"acf":{"page_subheading":"Discover Fly fishing season in Slovenia and decide, which time of the year suits you best and plan your fly fishing trip then."},"_links":{"self":[{"href":"https:\/\/slovenia-fly-fishing.com\/sv\/wp-json\/wp\/v2\/pages\/103","targetHints":{"allow":["GET"]}}],"collection":[{"href":"https:\/\/slovenia-fly-fishing.com\/sv\/wp-json\/wp\/v2\/pages"}],"about":[{"href":"https:\/\/slovenia-fly-fishing.com\/sv\/wp-json\/wp\/v2\/types\/page"}],"author":[{"embeddable":true,"href":"https:\/\/slovenia-fly-fishing.com\/sv\/wp-json\/wp\/v2\/users\/44"}],"replies":[{"embeddable":true,"href":"https:\/\/slovenia-fly-fishing.com\/sv\/wp-json\/wp\/v2\/comments?post=103"}],"version-history":[{"count":1,"href":"https:\/\/slovenia-fly-fishing.com\/sv\/wp-json\/wp\/v2\/pages\/103\/revisions"}],"predecessor-version":[{"id":1648,"href":"https:\/\/slovenia-fly-fishing.com\/sv\/wp-json\/wp\/v2\/pages\/103\/revisions\/1648"}],"wp:featuredmedia":[{"embeddable":true,"href":"https:\/\/slovenia-fly-fishing.com\/sv\/wp-json\/wp\/v2\/media\/1328"}],"wp:attachment":[{"href":"https:\/\/slovenia-fly-fishing.com\/sv\/wp-json\/wp\/v2\/media?parent=103"}],"curies":[{"name":"wp","href":"https:\/\/api.w.org\/{rel}","templated":true}]}}