{"id":119,"date":"2021-04-26T09:54:07","date_gmt":"2021-04-26T09:54:07","guid":{"rendered":"http:\/\/slovenia-fly-fishing.com\/know-before-you-go\/"},"modified":"2022-12-02T09:29:58","modified_gmt":"2022-12-02T09:29:58","slug":"know-before-you-go","status":"publish","type":"page","link":"https:\/\/slovenia-fly-fishing.com\/sv\/know-before-you-go\/","title":{"rendered":"Ta reda p\u00e5 det innan du \u00e5ker"},"content":{"rendered":"<h2 class=\"wp-block-heading\" id=\"how-to-prepare\"><strong>Hur f\u00f6rbereder man sig f\u00f6r en flugfiskeresa till Slovenien?<\/strong><\/h2>\n\n\n\n<h3 class=\"wp-block-heading\" id=\"when-to-go\"><strong>N\u00e4r ska du \u00e5ka?<\/strong><\/h3>\n\n\n\n<p>\u00c4ven om det \u00e4r m\u00f6jligt att fiska under hela \u00e5ret \u00e4r den b\u00e4sta tiden f\u00f6r flugfiske i Slovenien under f\u00f6ljande perioder <strong>v\u00e5r och h\u00f6st<\/strong>. De b\u00e4sta m\u00e5naderna f\u00f6r de flesta floder \u00e4r april, maj och september. Det \u00e4r m\u00e5nader med en perfekt kombination av f\u00e4rre turister och tillr\u00e4ckligt varma temperaturer. P\u00e5 sommaren \u00e4r det b\u00e4ttre att leta efter floder som inte ligger i n\u00e4rheten av n\u00e5gra popul\u00e4ra sev\u00e4rdheter, eftersom det kan vara ganska m\u00e5nga bes\u00f6kare p\u00e5 dem. \u00c4ven om vintern inte \u00e4r den b\u00e4sta tiden f\u00f6r att f\u00e5nga de flesta arter \u00e4r det den enda tiden f\u00f6r att fiska efter den stora Huchen.<\/p>\n\n\n\n<figure class=\"wp-block-image\"><img decoding=\"async\" alt=\"Hintersee lake\" src=\"https:\/\/slovenia-fly-fishing.com\/wp-content\/uploads\/Hintersee-Lake-1.webp\"\/><\/figure>\n\n\n\n<h3 class=\"wp-block-heading\" id=\"which-river-to choose\"><strong>Vilken flod ska jag v\u00e4lja?<\/strong><\/h3>\n\n\n\n<p>Detta val beror p\u00e5 m\u00e5nga faktorer, som den \u00f6nskade fisken, preferenser f\u00f6r omgivningen och naturligtvis tiden p\u00e5 \u00e5ret. Om du vill fiska efter brun- eller regnb\u00e5gs\u00f6ring har du tur eftersom du kan hitta dem i n\u00e4stan alla floder i Slovenien. Nu \u00e4r dess ikoniska sl\u00e4kting, marmor\u00f6ringen, en annan historia. Den kan endast hittas i floderna i Adriatiska bass\u00e4ngen, som t.ex. <strong><a href=\"https:\/\/slovenia-fly-fishing.com\/sv\/trips\/fly-fishing-soca\/\">So\u010da<\/a><\/strong> och dess bifloder. \u00c4tran \u00e4r \u00e5 andra sidan mer riklig, men du m\u00e5ste \u00e4nd\u00e5 v\u00e4lja dina platser om du vill ha en b\u00e4ttre chans att f\u00e5nga den - vi rekommenderar Unica, Sava eller Savinja. Om du vill jaga den stora Huchen \u00e4r Sava ditt b\u00e4sta val. Oroa dig inte, flera dagar inneb\u00e4r att du alltid kan v\u00e4lja mer \u00e4n en flod att fiska vid. F\u00f6r att det ska bli l\u00e4ttare att organisera den typen av semester kan du kolla in n\u00e5gra av v\u00e5ra <a class=\"wpil_keyword_link\" title=\"flugfiske\" data-wpil-keyword-link=\"linked\" href=\"https:\/\/slovenia-fly-fishing.com\/sv\/\">flugfiske<\/a> semester.<\/p>\n\n\n\n<figure class=\"wp-block-image\"><img decoding=\"async\" src=\"https:\/\/slovenia-fly-fishing.com\/wp-content\/uploads\/idrijca-7.webp\" alt=\"Idrijca\"\/><\/figure>\n\n\n\n<h3 class=\"wp-block-heading\" id=\"are-permits-needed\"><strong>Beh\u00f6vs det tillst\u00e5nd?<\/strong><\/h3>\n\n\n\n<p>Ja, du beh\u00f6ver ett tillst\u00e5nd f\u00f6r att fiska i n\u00e5got av de slovenska vattnen. Med undantag f\u00f6r havet \u00e4r alla floder och sj\u00f6ar h\u00e4r uppdelade p\u00e5 fiskeklubbar. Var och en av dem utf\u00e4rdar tillst\u00e5nd f\u00f6r n\u00e5gra f\u00e5 floder och sj\u00f6ar som de f\u00f6rvaltar. Du kan k\u00f6pa de flesta av dessa tillst\u00e5nd <strong>online eller fysiskt<\/strong> p\u00e5 plats p\u00e5 n\u00e4rliggande restauranger, barer eller hotell. <\/p>\n\n\n\n<figure class=\"wp-block-image\"><img decoding=\"async\" src=\"https:\/\/slovenia-fly-fishing.com\/wp-content\/uploads\/resized-image-Promo-32.webp\" alt=\"fly-fishing-cover-light\"\/><\/figure>\n\n\n\n<h3 class=\"wp-block-heading\" id=\"should-i-come-well-equipped\"><strong>Ska jag komma v\u00e4lutrustad?<\/strong><\/h3>\n\n\n\n<p>Det beror p\u00e5 hur du reser till Slovenien, eftersom det kan vara sv\u00e5rt att ta med sig en hel del saker om du flyger med flyg, j\u00e4mf\u00f6rt med om du \u00e5ker bil. Ta definitivt med dig dina fiskeredskap, eftersom de inte tar mycket plats och dina egna alltid \u00e4r mest p\u00e5litliga. F\u00f6r att du ska slippa extra bagage erbjuder vi dig f\u00f6ljande <strong><a href=\"https:\/\/slovenia-fly-fishing.com\/sv\/equipment-rental\/\">uthyrning<\/a><\/strong> av all n\u00f6dv\u00e4ndig eller speciell utrustning som du beh\u00f6ver under dina flugfiskedagar h\u00e4r. Sp\u00f6n, vadare, landningsn\u00e4tet, utm\u00e4rkta hemgjorda flugor, allt du beh\u00f6ver! - Du kan vara s\u00e4ker p\u00e5 att du har allt du beh\u00f6ver n\u00e4r du \u00e5ker p\u00e5 flugfiske med oss.<\/p>","protected":false},"excerpt":{"rendered":"<p>Hur f\u00f6rbereder man sig f\u00f6r en flugfisketur till Slovenien? N\u00e4r ska man \u00e5ka? \u00c4ven om det \u00e4r m\u00f6jligt att flugfiska under hela \u00e5ret, \u00e4r den b\u00e4sta tiden att \u00e5ka till Slovenien p\u00e5 v\u00e5ren och h\u00f6sten. De b\u00e4sta m\u00e5naderna f\u00f6r de flesta floder att vara livliga med fisk \u00e4r april, maj och september. Det \u00e4r under dessa m\u00e5nader som ... <a href=\"https:\/\/slovenia-fly-fishing.com\/sv\/know-before-you-go\/\">Forts\u00e4ttning<\/a><\/p>","protected":false},"author":44,"featured_media":975,"parent":0,"menu_order":12,"comment_status":"open","ping_status":"open","template":"","meta":{"_acf_changed":false,"footnotes":""},"class_list":["post-119","page","type-page","status-publish","has-post-thumbnail","hentry"],"acf":{"page_subheading":"A quick guide to provide you with all of the essential information needed before getting here and enjoying your time fishing."},"_links":{"self":[{"href":"https:\/\/slovenia-fly-fishing.com\/sv\/wp-json\/wp\/v2\/pages\/119","targetHints":{"allow":["GET"]}}],"collection":[{"href":"https:\/\/slovenia-fly-fishing.com\/sv\/wp-json\/wp\/v2\/pages"}],"about":[{"href":"https:\/\/slovenia-fly-fishing.com\/sv\/wp-json\/wp\/v2\/types\/page"}],"author":[{"embeddable":true,"href":"https:\/\/slovenia-fly-fishing.com\/sv\/wp-json\/wp\/v2\/users\/44"}],"replies":[{"embeddable":true,"href":"https:\/\/slovenia-fly-fishing.com\/sv\/wp-json\/wp\/v2\/comments?post=119"}],"version-history":[{"count":1,"href":"https:\/\/slovenia-fly-fishing.com\/sv\/wp-json\/wp\/v2\/pages\/119\/revisions"}],"predecessor-version":[{"id":1646,"href":"https:\/\/slovenia-fly-fishing.com\/sv\/wp-json\/wp\/v2\/pages\/119\/revisions\/1646"}],"wp:featuredmedia":[{"embeddable":true,"href":"https:\/\/slovenia-fly-fishing.com\/sv\/wp-json\/wp\/v2\/media\/975"}],"wp:attachment":[{"href":"https:\/\/slovenia-fly-fishing.com\/sv\/wp-json\/wp\/v2\/media?parent=119"}],"curies":[{"name":"wp","href":"https:\/\/api.w.org\/{rel}","templated":true}]}}