{"id":127,"date":"2022-03-16T10:09:23","date_gmt":"2022-03-16T10:09:23","guid":{"rendered":"http:\/\/slovenia-fly-fishing.com\/blog-2\/"},"modified":"2022-03-16T10:09:23","modified_gmt":"2022-03-16T10:09:23","slug":"blog-2","status":"publish","type":"page","link":"https:\/\/slovenia-fly-fishing.com\/sv\/blog-2\/","title":{"rendered":"Blogg"},"content":{"rendered":"<p>L\u00e4s mer om Slovenien, flugfiske, fiskare, slovenska floder och sj\u00f6ar och de popul\u00e4raste flugfiskedestinationerna i Europa.<\/p>","protected":false},"excerpt":{"rendered":"<p>L\u00e4s mer om Slovenien, flugfiske, fiskare, slovenska floder och sj\u00f6ar och de popul\u00e4raste flugfiskedestinationerna i Europa.<\/p>","protected":false},"author":44,"featured_media":0,"parent":0,"menu_order":1,"comment_status":"open","ping_status":"open","template":"","meta":{"_acf_changed":false,"footnotes":""},"class_list":["post-127","page","type-page","status-publish","hentry"],"acf":{"page_subheading":"Read more about Slovenia, fly fishing, fishermen, Slovenian rivers and lakes and the most popular fly fishing destinations in Europe."},"_links":{"self":[{"href":"https:\/\/slovenia-fly-fishing.com\/sv\/wp-json\/wp\/v2\/pages\/127","targetHints":{"allow":["GET"]}}],"collection":[{"href":"https:\/\/slovenia-fly-fishing.com\/sv\/wp-json\/wp\/v2\/pages"}],"about":[{"href":"https:\/\/slovenia-fly-fishing.com\/sv\/wp-json\/wp\/v2\/types\/page"}],"author":[{"embeddable":true,"href":"https:\/\/slovenia-fly-fishing.com\/sv\/wp-json\/wp\/v2\/users\/44"}],"replies":[{"embeddable":true,"href":"https:\/\/slovenia-fly-fishing.com\/sv\/wp-json\/wp\/v2\/comments?post=127"}],"version-history":[{"count":0,"href":"https:\/\/slovenia-fly-fishing.com\/sv\/wp-json\/wp\/v2\/pages\/127\/revisions"}],"wp:attachment":[{"href":"https:\/\/slovenia-fly-fishing.com\/sv\/wp-json\/wp\/v2\/media?parent=127"}],"curies":[{"name":"wp","href":"https:\/\/api.w.org\/{rel}","templated":true}]}}