{"id":128,"date":"2022-05-24T13:02:26","date_gmt":"2022-05-24T13:02:26","guid":{"rendered":"http:\/\/slovenia-fly-fishing.com\/trout-fishing-in-slovenia\/"},"modified":"2022-12-28T14:47:46","modified_gmt":"2022-12-28T14:47:46","slug":"trout-fishing-in-slovenia","status":"publish","type":"page","link":"https:\/\/slovenia-fly-fishing.com\/sv\/trout-fishing-in-slovenia\/","title":{"rendered":"Forellfiske i Slovenien"},"content":{"rendered":"<h2 class=\"wp-block-heading\">Forellfiske i Slovenien - upplev paradiset i Alperna<\/h2>\n\n\n\n<p>Om du gillar \u00f6ringfiske och vill uppleva en ny plats \u00e4r Slovenien den perfekta platsen. Detta lilla land har <strong>m\u00e5nga floder och sj\u00f6ar<\/strong> som utg\u00f6r en utm\u00e4rkt bakgrund f\u00f6r att f\u00e5nga \u00f6ring. \u00d6ringfiske i Slovenien \u00e4r vanligast.<strong> p\u00e5 v\u00e5ren, sommaren och h\u00f6sten<\/strong> n\u00e4r v\u00e4dret \u00e4r som varmast.<\/p>\n\n\n\n<figure class=\"wp-block-image size-full\"><img decoding=\"async\" alt=\"Marble trout\" src=\"https:\/\/slovenia-fly-fishing.com\/wp-content\/uploads\/Marble-trout.webp\" class=\"wp-image-10200\"><figcaption>Forellfiske i Slovenien<\/figcaption><\/figure>\n\n\n\n<h2 class=\"wp-block-heading\">\u00d6ringarter i Slovenien<\/h2>\n\n\n\n<p>Det finns m\u00e5nga <strong>olika arter av \u00f6ring<\/strong> som lever i slovenska vatten, men de har alla en sak gemensamt: de \u00e4r vackra och alltid en sp\u00e4nnande f\u00e5ngst!<\/p>\n\n\n\n<h3 class=\"wp-block-heading\">Marmor\u00f6ring<\/h3>\n\n\n\n<p>Marmor\u00f6ringen \u00e4r f\u00f6rmodligen den mest k\u00e4nda arten bland slovenska sportfiskare. Den <strong>lever i So\u010da-floden och dess bifloder.<\/strong>, som rinner genom v\u00e4stra Slovenien till Italien. Den <strong>var n\u00e4stan utd\u00f6d.<\/strong> Men nu finns det m\u00e5nga insatser f\u00f6r att skydda denna vackra fisk och se till att den lever tillr\u00e4ckligt l\u00e4nge f\u00f6r att fiskare ska kunna f\u00e5nga den igen.<\/p>\n\n\n\n<p>Marmor\u00f6ringen har en vacker f\u00e4rg, vilket g\u00f6r den till en av <strong>den mest attraktiva s\u00f6tvattenfisken i Slovenien<\/strong>. Ryggen \u00e4r till exempel m\u00f6rkbrun eller olivgr\u00f6n med ljusare sidor och buk, medan huvudet har gulaktiga fl\u00e4ckar och r\u00e4nder som l\u00f6per fr\u00e5n \u00f6ga till svans p\u00e5 b\u00e5da sidor.<\/p>\n\n\n\n<p>Du kan njuta av Marble Trout-fiske <strong>fr\u00e5n den 1 april till den 30 september<\/strong>.<\/p>\n\n\n\n<figure class=\"wp-block-image size-large\"><img loading=\"lazy\" decoding=\"async\" width=\"1024\" height=\"498\" src=\"https:\/\/slovenia-fly-fishing.com\/wp-content\/uploads\/Soska-postrv-reka-SOCA-1-1-1024x498.webp\" alt=\"Small marble trout from So\u010da river\" class=\"wp-image-1437\" srcset=\"https:\/\/slovenia-fly-fishing.com\/wp-content\/uploads\/Soska-postrv-reka-SOCA-1-1-1024x498.webp 1024w, https:\/\/slovenia-fly-fishing.com\/wp-content\/uploads\/Soska-postrv-reka-SOCA-1-1-300x146.webp 300w, https:\/\/slovenia-fly-fishing.com\/wp-content\/uploads\/Soska-postrv-reka-SOCA-1-1-768x373.webp 768w, https:\/\/slovenia-fly-fishing.com\/wp-content\/uploads\/Soska-postrv-reka-SOCA-1-1-18x9.webp 18w, https:\/\/slovenia-fly-fishing.com\/wp-content\/uploads\/Soska-postrv-reka-SOCA-1-1.webp 1080w\" sizes=\"auto, (max-width: 1024px) 100vw, 1024px\" \/><figcaption class=\"wp-element-caption\">Liten marmor\u00f6ring fr\u00e5n So\u010da-floden<\/figcaption><\/figure>\n\n\n\n<h3 class=\"wp-block-heading\">\u00d6ring<\/h3>\n\n\n\n<p>Brun\u00f6ring \u00e4r inf\u00f6dd i Slovenien och kan vara <strong>Finns i de flesta av v\u00e5ra floder och sj\u00f6ar.<\/strong>. Denna klassiska flugfiskarart \u00e4r ocks\u00e5 en utm\u00e4rkt matfisk som har introducerats i m\u00e5nga omr\u00e5den runt om i v\u00e4rlden d\u00e4r den inte har sitt ursprung.<\/p>\n\n\n\n<p>Den har en gulbrun, m\u00f6rkgr\u00e5, olivgr\u00f6n eller kopparr\u00f6d kropp som \u00e4r bestr\u00f6dd med r\u00f6da, ibland svarta eller vita fl\u00e4ckar. Den f\u00f6rekommer fr\u00e4mst i <strong>\u00f6vre eller mellersta loppet av vattendrag<\/strong>, och de st\u00f6rsta finns i karstvatten.<\/p>\n\n\n\n<p>Fiskes\u00e4songen p\u00e5g\u00e5r <strong>fr\u00e5n mars till september<\/strong>.<\/p>\n\n\n\n<figure class=\"wp-block-image size-full\"><img decoding=\"async\" src=\"https:\/\/slovenia-fly-fishing.com\/wp-content\/uploads\/brown-trout-1.webp\" alt=\"brown trout\" class=\"wp-image-8950\"\/><figcaption class=\"wp-element-caption\">\u00d6ring<\/figcaption><\/figure>\n\n\n\n<h3 class=\"wp-block-heading\">Regnb\u00e5gsforell<\/h3>\n\n\n\n<p>Regnb\u00e5ge \u00e4r en vacker fisk. Deras <strong>regnb\u00e5gsflank<\/strong> g\u00f6r det l\u00e4tt att skilja den fr\u00e5n andra arter. Den \u00e4r ocks\u00e5 <strong>mycket anpassningsbar<\/strong> och finns i m\u00e5nga olika typer av vatten. De st\u00f6rsta exemplaren kan bli 90 cm l\u00e5nga och v\u00e4ga upp till 10 kg.<\/p>\n\n\n\n<p>\u00c4ven om den inte \u00e4r s\u00e4rskilt kr\u00e4sen och ofta tar ett bete, s\u00e5 \u00e4r den ocks\u00e5 <strong>mycket modig<\/strong> och inte ger upp s\u00e5 l\u00e4tt efter\u00e5t. Detta g\u00f6r den till en popul\u00e4r art f\u00f6r sportfiskare som vill ha en sp\u00e4nnande kamp.<\/p>\n\n\n\n<p>Fiske <strong>s\u00e4songen b\u00f6rjar i mars<\/strong> (i april f\u00f6r So\u010da) och varar <strong>fram till slutet av november<\/strong>.<\/p>\n\n\n\n<figure class=\"wp-block-image size-full\"><img decoding=\"async\" src=\"https:\/\/slovenia-fly-fishing.com\/wp-content\/uploads\/rainbow-trout-2.webp\" alt=\"rainbow trout\" class=\"wp-image-9235\"\/><figcaption class=\"wp-element-caption\">Regnb\u00e5gsforell<\/figcaption><\/figure>\n\n\n\n<h2 class=\"wp-block-heading\">B\u00e4sta floderna f\u00f6r \u00f6ringfiske i Slovenien<\/h2>\n\n\n\n<p>\u00d6ring \u00e4r en av de mest utbredda fiskarterna i slovenska floder. S\u00e4rskilt brun\u00f6ring, som du kan hitta i n\u00e4stan alla r\u00f6rliga vattendrag h\u00e4r.&nbsp;<\/p>\n\n\n\n<p>\u00c4ven om samma sak inte kan s\u00e4gas om marmor\u00f6ringen \u00e4r det \u00e4nd\u00e5 sv\u00e5rt att v\u00e4lja fel flod om du bara vill fiska \u00f6ring i Slovenien.<\/p>\n\n\n\n<h3 class=\"wp-block-heading\">Floden So\u010da<\/h3>\n\n\n\n<p>So\u010da \u00e4r inte bara den b\u00e4sta floden f\u00f6r \u00f6ringfiske i Slovenien - det \u00e4r ocks\u00e5 den b\u00e4sta floden f\u00f6r \u00f6ringfiske i Slovenien. <strong>den mest ikoniska slovenska floden<\/strong> i allm\u00e4nhet. Med sin <strong>smaragdf\u00e4rg<\/strong> vatten och de fantastiska alpina omgivningarna \u00e4r ett utm\u00e4rkt resm\u00e5l f\u00f6r b\u00e5de fiskare och andra uppt\u00e4cktsresen\u00e4rer i Slovenien.<\/p>\n\n\n\n<p>Och det \u00e4r ocks\u00e5 den enda floden i Slovenien (tillsammans med dess bifloder) d\u00e4r du kan <strong>f\u00e5nga den sv\u00e5rf\u00e5ngade marmor\u00f6ringen<\/strong>. Varje blivande sportfiskare kan g\u00e5 till Marble Trout <a href=\"https:\/\/slovenia-fly-fishing.com\/sv\/trips\/fly-fishing-soca\/\">flugfiske p\u00e5 So\u010da-floden<\/a> och f\u00e5nga n\u00e5gra av de mest magnifika fiskarna i Sloveniens vatten.<\/p>\n\n\n\n<p>The <strong>S\u00e4songen inleds i april.<\/strong> och kan avnjutas l\u00e4ngs de 50 kilometer l\u00e5nga kaskaderna och bass\u00e4ngerna, med undantag f\u00f6r de sv\u00e5rtillg\u00e4ngliga men vackra ravinerna.<\/p>\n\n\n\n<figure class=\"wp-block-image size-full\"><img decoding=\"async\" src=\"https:\/\/slovenia-fly-fishing.com\/wp-content\/uploads\/River-Soca.webp\" alt=\"River Soca\" class=\"wp-image-4355\"\/><figcaption class=\"wp-element-caption\">Floden So\u010da<\/figcaption><\/figure>\n\n\n\n<h3 class=\"wp-block-heading\">Sava Bohinjka<\/h3>\n\n\n\n<p>Sava Bohinjka rinner fr\u00e5n sj\u00f6n Bohinj, Sloveniens st\u00f6rsta sj\u00f6. Denna flod kommer senare <strong>konvergerar med Sava Dolinka<\/strong> f\u00f6r att bilda den l\u00e4ngsta slovenska floden, Sava.<\/p>\n\n\n\n<p>Men innan det h\u00e4nder \u00e4r Sava Bohinjka ett paradis f\u00f6r flugfiskare eftersom <strong>en av de mest v\u00e4lfyllda floderna<\/strong> i Slovenien. F\u00f6rutom <strong>Gr\u00e5sugga<\/strong>, den <strong>Brun- och regnb\u00e5gsforell<\/strong> \u00e4r de vanligaste fiskarterna i floden. Det \u00e4r bara att s\u00e4tta sig p\u00e5 en av de l\u00e4tt\u00e5tkomliga sandbankarna och njuta av en dag i vattnet. <a href=\"https:\/\/slovenia-fly-fishing.com\/sv\/trips\/fly-fishing-sava-bohinjka\/\">flugfiske vid Sava Bohinjka<\/a>.<\/p>\n\n\n\n<figure class=\"wp-block-image size-full\"><img decoding=\"async\" src=\"https:\/\/slovenia-fly-fishing.com\/wp-content\/uploads\/bohinjka-2.webp\" alt=\"Sava Bohinjka\" class=\"wp-image-8941\"\/><figcaption class=\"wp-element-caption\">Sava Bohinjka<\/figcaption><\/figure>\n\n\n\n<h3 class=\"wp-block-heading\">Floden Idrijca<\/h3>\n\n\n\n<p>Om du vill <strong>komma bort fr\u00e5n sommarens tr\u00e4ngsel i So\u010da River<\/strong> men \u00e4nd\u00e5 vill f\u00f6rs\u00f6ka f\u00e5nga den ikoniska marmor\u00f6ringen, \u00e4r Idrijca-floden det b\u00e4sta valet. Som biflod till So\u010da \u00e4r den lika bra eller till och med b\u00e4ttre. <strong>destination f\u00f6r fiske efter marmor\u00f6ring<\/strong> i Slovenien \u00e4n den f\u00f6rra.<\/p>\n\n\n\n<p>De gr\u00f6na bass\u00e4ngerna \u00e4r rika p\u00e5 f\u00f6da, vilket g\u00f6r att marmor\u00f6ringarna h\u00e4r v\u00e4xer upp till <strong>rekordstorlekar<\/strong>. \u00c4nd\u00e5 \u00e4r de mindre vanliga \u00e4n sina kusiner, brun- och regnb\u00e5gsforellen.<\/p>\n\n\n\n<p>Det \u00e4r ocks\u00e5 m\u00f6jligt att g\u00e5 <a href=\"https:\/\/slovenia-fly-fishing.com\/sv\/trips\/fly-fishing-idrijca\/\">flugfiske p\u00e5 Idrijca<\/a> p\u00e5 <strong>tidig v\u00e5r<\/strong> n\u00e4r So\u010da fortfarande \u00e4r f\u00f6r kallt efter sn\u00f6sm\u00e4ltningen fr\u00e5n de omgivande julianska alperna.<\/p>\n\n\n\n<figure class=\"wp-block-image size-full\"><img decoding=\"async\" src=\"https:\/\/slovenia-fly-fishing.com\/wp-content\/uploads\/shutterstock_1540813016-1654x1280-1-1-1-1-1-1-1-1-1-1-1-1-1.webp\" alt=\"Idrijca River\" class=\"wp-image-9289\"\/><figcaption class=\"wp-element-caption\">Floden Idrijca<\/figcaption><\/figure>\n\n\n\n<h3 class=\"wp-block-heading\">Floden Savinja<\/h3>\n\n\n\n<p>I landets nord\u00f6stra del g\u00f6mmer sig Savinjafloden. En i stort sett ouppt\u00e4ckt men extremt <strong>rik p\u00e5 fisk<\/strong>Den flyter fr\u00e5n k\u00e4llan vid det 90 meter h\u00f6ga Rinka-vattenfallet i den panoramiska Logardalen till sammanfl\u00f6det med floden Sava.<\/p>\n\n\n\n<p>P\u00e5 grund av att det finns gott om syre och f\u00f6da, <strong>olika fiskarter<\/strong> har funnit sitt hem h\u00e4r. De vanligaste h\u00e4r \u00e4r <strong>\u00d6ring<\/strong> och <strong>Gr\u00e5sugga<\/strong>, och nedstr\u00f6ms av den <strong>Regnb\u00e5gsforell<\/strong> och n\u00e5gra j\u00e4ttelika <strong>Huchen<\/strong>.<\/p>\n\n\n\n<p>N\u00e5gra av de mest popul\u00e4ra platserna att njuta av <a href=\"https:\/\/slovenia-fly-fishing.com\/sv\/trips\/fly-fishing-savinja\/\">flugfiske p\u00e5 Savinja<\/a> ligger n\u00e4ra staden <strong>Ljubno ob Savinji<\/strong>d\u00e4r alla fiskare kan hitta en lugn plats f\u00f6r sig sj\u00e4lva.<\/p>\n\n\n\n<figure class=\"wp-block-image size-full\"><img decoding=\"async\" src=\"https:\/\/slovenia-fly-fishing.com\/wp-content\/uploads\/Savinja6-1.webp\" alt=\"Savinja River\" class=\"wp-image-10199\"\/><figcaption class=\"wp-element-caption\">Floden Savinja<\/figcaption><\/figure>\n\n\n\n<h2 class=\"wp-block-heading\">B\u00e4sta flugorna att anv\u00e4nda f\u00f6r \u00f6ringfiske i Slovenien<\/h2>\n\n\n\n<p>Det finns <strong>fyra huvudsakliga fiskemetoder<\/strong> f\u00f6r att lura \u00f6ringen att bita. De beror p\u00e5 vilken typ av fiskefluga du anv\u00e4nder. \u00c4ven om de skiljer sig \u00e5t kan du v\u00e4lja en av dem och \u00e4nd\u00e5 ha en hyfsad chans att f\u00e5nga en \u00f6ring!<\/p>\n\n\n\n<p>Valet av teknik beror fr\u00e4mst p\u00e5 dina preferenser och din erfarenhet av flugfiske. V\u00e5r guide kommer att ge dig r\u00e5d i fr\u00e5gan och se till att din fiskeresa blir lyckad.<\/p>\n\n\n\n<h3 class=\"wp-block-heading\">Fiske med torrfluga<\/h3>\n\n\n\n<p>Torrflugefiske \u00e4r en teknik d\u00e4r en fiskare anv\u00e4nder sig av <strong>ett bete som vilar p\u00e5 flodens vattenyta<\/strong> och inte sjunker ner. Torrflugor utg\u00f6rs av sm\u00e5 vattenlevande insekter, t.ex. sedgeflugor, eller av insekter som faller i floden eller b\u00e4rs dit av vinden, t.ex. gr\u00e4shoppor eller larver.<\/p>\n\n\n\n<p>De m\u00e5ste man\u00f6vreras av fiskaren s\u00e5 att betet efterliknar hur riktiga flugor skulle flyta i str\u00f6mmen. Det \u00e4r det enda s\u00e4ttet att \u00f6vertyga \u00f6ringen att bryta vattenytan och bita p\u00e5 kroken.<\/p>\n\n\n\n<h3 class=\"wp-block-heading\">Fiske med v\u00e5tfluga<\/h3>\n\n\n\n<p>Anv\u00e4ndning vid fiske med v\u00e5tfluga <strong>flugor som flyter strax under vattenytan<\/strong> som lockbete. De \u00e4r utrustade med en viktkomponent s\u00e5 att de kan sjunka ner. V\u00e5tflugor imiterar olika vattenlevande insekter n\u00e4r de simmar upp till ytan.<\/p>\n\n\n\n<p>\u00c4ven om det \u00e4r mindre sp\u00e4nnande att titta p\u00e5 \u00e4r det mindre komplicerat att l\u00e4ra sig f\u00f6r nyb\u00f6rjare, och \u00e4ven erfarna fiskare \u00e4r inte fr\u00e4mmande f\u00f6r att anv\u00e4nda den h\u00e4r tekniken f\u00f6r att garantera en riklig utdelning.&nbsp;<\/p>\n\n\n\n<h3 class=\"wp-block-heading\">Nymphing<\/h3>\n\n\n\n<p>Nymphing \u00e4r den senaste tekniken f\u00f6r flugfiske. Med detta tillv\u00e4gag\u00e5ngss\u00e4tt, <strong>Konstgjorda flugor som liknar vattenlevande larver.<\/strong>. De fungerar n\u00e4r de \u00e4r neds\u00e4nkta i eller n\u00e4ra botten av floden f\u00f6r att kroka en \u00f6ring.&nbsp;<\/p>\n\n\n\n<p>Sportfiskaren m\u00e5ste k\u00e4nna till fiskeplatsen v\u00e4l, eftersom flodens beskaffenhet i den delen avg\u00f6r hur l\u00e5ngt under ytan nymfen m\u00e5ste g\u00e5.<\/p>\n\n\n\n<h3 class=\"wp-block-heading\">Fiske i vattendrag<\/h3>\n\n\n\n<p>Streamers \u00e4r de st\u00f6rsta flugorna som anv\u00e4nds vid flugfiske. De <strong>liknar betesfiskar och iglar, mat f\u00f6r rovfiskar.<\/strong>. Beroende p\u00e5 deras vikt kan de antingen sjunka djupt under flodytan eller driva med str\u00f6mmen.<\/p>\n\n\n\n<p>Sportfiskarna anv\u00e4nder en taktik d\u00e4r de styr flugan s\u00e5 att det ser ut som om den flyr f\u00f6r att f\u00e5 de st\u00f6rre fiskarna att f\u00f6lja efter den.<\/p>\n\n\n\n<h2 class=\"wp-block-heading\">Redskap f\u00f6r \u00f6ringfiske<\/h2>\n\n\n\n<p>Att titta p\u00e5 erfarna sportfiskare med all sin fiskeutrustning kan vara \u00f6verv\u00e4ldigande om du fortfarande \u00e4r i b\u00f6rjan av din fiskekarri\u00e4r, men i sj\u00e4lva verket beh\u00f6ver du bara det n\u00f6dv\u00e4ndigaste. Dessa inkluderar en <strong>fiskesp\u00f6<\/strong>, <strong>vadare<\/strong> och <strong>st\u00f6vlar<\/strong> f\u00f6r att h\u00e5lla sig torr, en <strong>landningsn\u00e4t.<\/strong>, och ett paket med <strong>flugor<\/strong> f\u00f6r att locka fisken.<\/p>\n\n\n\n<figure class=\"wp-block-image size-large\"><img loading=\"lazy\" decoding=\"async\" width=\"1024\" height=\"769\" src=\"https:\/\/slovenia-fly-fishing.com\/wp-content\/uploads\/IMG_9901-scaled-1-1024x769.webp\" alt=\"Fishing gear\" class=\"wp-image-1124\" srcset=\"https:\/\/slovenia-fly-fishing.com\/wp-content\/uploads\/IMG_9901-scaled-1-1024x769.webp 1024w, https:\/\/slovenia-fly-fishing.com\/wp-content\/uploads\/IMG_9901-scaled-1-300x225.webp 300w, https:\/\/slovenia-fly-fishing.com\/wp-content\/uploads\/IMG_9901-scaled-1-768x576.webp 768w, https:\/\/slovenia-fly-fishing.com\/wp-content\/uploads\/IMG_9901-scaled-1-1536x1153.webp 1536w, https:\/\/slovenia-fly-fishing.com\/wp-content\/uploads\/IMG_9901-scaled-1-16x12.webp 16w, https:\/\/slovenia-fly-fishing.com\/wp-content\/uploads\/IMG_9901-scaled-1.webp 1920w\" sizes=\"auto, (max-width: 1024px) 100vw, 1024px\" \/><figcaption class=\"wp-element-caption\">Fiskeredskap<\/figcaption><\/figure>\n\n\n\n<p>Med dessa viktiga redskap kan du inte bli hindrad p\u00e5 n\u00e5got s\u00e4tt n\u00e4r du fiskar \u00f6ring i Slovenien.<\/p>\n\n\n\n<p>F\u00f6r att g\u00f6ra det enklare hyr vi ut alla ovann\u00e4mnda artiklar, som du kan <a href=\"https:\/\/slovenia-fly-fishing.com\/sv\/equipment-rental\/\">kolla in h\u00e4r<\/a>.<\/p>\n\n\n\n<h2 class=\"wp-block-heading\">S\u00e4song f\u00f6r \u00f6ringfiske<\/h2>\n\n\n\n<p>Fiskes\u00e4songen f\u00f6r \u00f6ring varar <strong>Fr\u00e5n b\u00f6rjan av april till slutet av september.<\/strong> i Slovenien, och varje m\u00e5nad har en av s\u00e4songens tv\u00e5 toppar. Sommarm\u00e5naderna d\u00e4remellan \u00e4r ocks\u00e5 l\u00e4mpliga, men vattenomr\u00e5dena \u00e4r mer trafikerade av turister och temperaturen tenderar att stiga.<br>Vi skrev mer utf\u00f6rligt om detta i v\u00e5r <a href=\"https:\/\/slovenia-fly-fishing.com\/sv\/fly-fishing-season\/\">s\u00e4song f\u00f6r flugfiske<\/a> sektion.<\/p>\n\n\n\n<h2 class=\"wp-block-heading\">F\u00f6lj med oss p\u00e5 en flugfiskeresa!<\/h2>\n\n\n\n<p>Naturligtvis \u00e4r \u00f6ringar och s\u00e4rskilt marmor\u00f6ringar n\u00e5gra av de mest popul\u00e4ra flugfiskearterna. Tillsammans med andra flugfiskearter (som t.ex. harr eller h\u00f6k) finns de \u00e4ven i andra slovenska floder.<\/p>\n\n\n\n<p>Ta reda p\u00e5 allt om dem genom att kolla in andra lika intressanta <a href=\"https:\/\/slovenia-fly-fishing.com\/sv\/trips\/\">flugfiskeresor i Slovenien<\/a>. Tveka inte, flugfiskeguider \u00e4r fullbokade redan tidigt p\u00e5 s\u00e4songen.<\/p>","protected":false},"excerpt":{"rendered":"<p>\u00d6ringfiske i Slovenien - upplev paradiset i Alperna Om du gillar \u00f6ringfiske och vill uppleva en ny plats \u00e4r Slovenien den perfekta platsen. Detta lilla land har m\u00e5nga floder och sj\u00f6ar som ger en utm\u00e4rkt bakgrund f\u00f6r att f\u00e5nga \u00f6ring. \u00d6ringfiske i Slovenien \u00e4r vanligast p\u00e5 v\u00e5ren, ... <a href=\"https:\/\/slovenia-fly-fishing.com\/sv\/trout-fishing-in-slovenia\/\">Forts\u00e4ttning<\/a><\/p>","protected":false},"author":44,"featured_media":1615,"parent":0,"menu_order":2,"comment_status":"open","ping_status":"open","template":"","meta":{"_acf_changed":false,"footnotes":""},"class_list":["post-128","page","type-page","status-publish","has-post-thumbnail","hentry"],"acf":{"page_subheading":"A complete guide about Slovenia Trout fishing: Discover the most popular rivers and trout species in Slovenia, including the legendary Marble Trout."},"_links":{"self":[{"href":"https:\/\/slovenia-fly-fishing.com\/sv\/wp-json\/wp\/v2\/pages\/128","targetHints":{"allow":["GET"]}}],"collection":[{"href":"https:\/\/slovenia-fly-fishing.com\/sv\/wp-json\/wp\/v2\/pages"}],"about":[{"href":"https:\/\/slovenia-fly-fishing.com\/sv\/wp-json\/wp\/v2\/types\/page"}],"author":[{"embeddable":true,"href":"https:\/\/slovenia-fly-fishing.com\/sv\/wp-json\/wp\/v2\/users\/44"}],"replies":[{"embeddable":true,"href":"https:\/\/slovenia-fly-fishing.com\/sv\/wp-json\/wp\/v2\/comments?post=128"}],"version-history":[{"count":3,"href":"https:\/\/slovenia-fly-fishing.com\/sv\/wp-json\/wp\/v2\/pages\/128\/revisions"}],"predecessor-version":[{"id":1685,"href":"https:\/\/slovenia-fly-fishing.com\/sv\/wp-json\/wp\/v2\/pages\/128\/revisions\/1685"}],"wp:featuredmedia":[{"embeddable":true,"href":"https:\/\/slovenia-fly-fishing.com\/sv\/wp-json\/wp\/v2\/media\/1615"}],"wp:attachment":[{"href":"https:\/\/slovenia-fly-fishing.com\/sv\/wp-json\/wp\/v2\/media?parent=128"}],"curies":[{"name":"wp","href":"https:\/\/api.w.org\/{rel}","templated":true}]}}