{"id":87,"date":"2020-01-10T17:13:06","date_gmt":"2020-01-10T17:13:06","guid":{"rendered":"http:\/\/slovenia-fly-fishing.com\/privacy-policy\/"},"modified":"2022-12-02T14:16:36","modified_gmt":"2022-12-02T14:16:36","slug":"sustainability","status":"publish","type":"page","link":"https:\/\/slovenia-fly-fishing.com\/sv\/sustainability\/","title":{"rendered":"H\u00e5llbarhet"},"content":{"rendered":"<h2 class=\"wp-block-heading\">UPPDRAGSBESKRIVNING<\/h2>\n\n\n\n<p>Vi \u00e4r en framtidsinriktad resebyr\u00e5 vars uppdrag \u00e4r att ge v\u00e5ra kunder en unik, lokal upplevelse och att l\u00e4gga till aktiviteter i v\u00e5rt lokala utbud. Vi g\u00f6r detta samtidigt som vi fr\u00e4mjar kulturellt och milj\u00f6v\u00e4nligt engagemang genom n\u00e4ra f\u00f6rbindelser med lokala leverant\u00f6rer. Vi ser det som v\u00e5r plikt att arbeta direkt med leverant\u00f6rer, kunder och samh\u00e4llet i stort och fr\u00e4mja h\u00e5llbarhet genom utbildning och bevarande av kultur- och naturresurser p\u00e5 v\u00e5ra destinationer.<\/p>\n\n\n\n<h2 class=\"wp-block-heading\">H\u00c5LLBARHETSPOLICY F\u00d6R LEP D.O.O.O.<\/h2>\n\n\n\n<p>Vi \u00e4r m\u00e5na om att skydda milj\u00f6n och minska v\u00e5r negativa p\u00e5verkan p\u00e5 naturen. Vi f\u00f6rbinder oss att agera p\u00e5 f\u00f6ljande s\u00e4tt f\u00f6r att bevara milj\u00f6n:<\/p>\n\n\n\n<ul class=\"wp-block-list\">\n<li>respektera milj\u00f6skyddslagstiftningen,<\/li>\n\n\n\n<li>\u00f6vervaka v\u00e5r verksamhets inverkan p\u00e5 milj\u00f6n,<\/li>\n\n\n\n<li>uppfylla de m\u00e5l och \u00e5tg\u00e4rder som fastst\u00e4lls i h\u00e5llbarhetspolicyn,<\/li>\n\n\n\n<li>Utbilda de anst\u00e4llda om v\u00e5r h\u00e5llbarhetspolicy, v\u00e5ra m\u00e5l och \u00e5tg\u00e4rder.<\/li>\n\n\n\n<li>informera g\u00e4ster och leverant\u00f6rer om v\u00e5ra anstr\u00e4ngningar f\u00f6r att minska de negativa effekterna av v\u00e5r verksamhet p\u00e5 milj\u00f6n och uppmuntra dem att delta och st\u00f6dja oss,<\/li>\n\n\n\n<li>fr\u00e4mja h\u00e5llbar r\u00f6rlighet och andra milj\u00f6v\u00e4nliga metoder bland v\u00e5ra anst\u00e4llda.<\/li>\n<\/ul>\n\n\n\n<p>Vi \u00e4gnar s\u00e4rskild uppm\u00e4rksamhet \u00e5t f\u00f6ljande omr\u00e5den:<\/p>\n\n\n\n<h3 class=\"wp-block-heading\">ENERGIF\u00d6RBRUKNING.<\/h3>\n\n\n\n<p>V\u00e5rt f\u00f6retag har \u00e5tagit sig att kontinuerligt f\u00f6rb\u00e4ttra sin energiprestanda och minska sina v\u00e4xthusgasutsl\u00e4pp.<\/p>\n\n\n\n<p>F\u00f6r att uppn\u00e5 m\u00e5len kommer f\u00f6retaget att:<\/p>\n\n\n\n<ol class=\"wp-block-list\">\n<li>Minska energibehovet i hela verksamheten:<\/li>\n<\/ol>\n\n\n\n<p>Vitvaror och elektronik - K\u00f6p energieffektiva produkter och anv\u00e4nd dem effektivt. Anv\u00e4nd en avancerad str\u00f6mbrytare f\u00f6r att minska \"vampyrbelastningen\" -&gt; el som g\u00e5r till spillo n\u00e4r elektronik inte anv\u00e4nds. Belysning -&gt; K\u00f6p energieffektiva produkter, anv\u00e4nd dem effektivt och inf\u00f6rliva mer dagsljus i v\u00e5rt kontor med hj\u00e4lp av energieffektiva f\u00f6nster och takf\u00f6nster. Elektrisk uppv\u00e4rmning och kylning av lokaler -&gt; K\u00f6p energieffektiva elektriska system och anv\u00e4nd dem effektivt. Isolera och luftt\u00e4ta v\u00e5rt kontor ordentligt.  Elektrisk vattenuppv\u00e4rmning -&gt; K\u00f6p en energieffektiv elektrisk varmvattenberedare och anv\u00e4nd den effektivt eller v\u00e4lj en energieffektiv varmvattenberedare som inte anv\u00e4nder elektricitet.<\/p>\n\n\n\n<ol class=\"wp-block-list\">\n<li>Anv\u00e4nda energi mer effektivt<\/li>\n\n\n\n<li>K\u00e4lla till energif\u00f6rs\u00f6rjning fr\u00e5n f\u00f6rnybara energik\u00e4llor.<\/li>\n\n\n\n<li>\u00d6vervaka, m\u00e4ta och rapportera uppgifter om energif\u00f6rbrukning och energiproduktion.<\/li>\n\n\n\n<li>Fr\u00e4mja medvetenheten om ansvaret f\u00f6r energibesparing hos all personal, alla elever och entrepren\u00f6rer.<\/li>\n<\/ol>\n\n\n\n<p>Vi hyr lokaler i en kontorsbyggnad med milj\u00f6v\u00e4nlig arkitektur som drastiskt minskar energif\u00f6rbrukningen och utsl\u00e4ppen av v\u00e4xthusgaser genom ett omsorgsfullt materialval och en felfri teknik. Ventilerad aluminiumfasad med v\u00e4rmeisolering, flerskiktsglas, m\u00f6jlighet att \u00f6ppna f\u00f6nster, ett centralt kontrollsystem f\u00f6r \u00f6vervakning av kylning\/uppv\u00e4rmning och fj\u00e4rrv\u00e4rme bidrar ytterligare till l\u00e5ga driftskostnader.<\/p>\n\n\n\n<h3 class=\"wp-block-heading\">VATTENF\u00d6RBRUKNING<\/h3>\n\n\n\n<p>P\u00e5 Lep d.o.o. anv\u00e4nder vi vatten f\u00f6rsiktigt. Det finns f\u00e4rgglada klisterm\u00e4rken bredvid b\u00e5da kontorskranarna som uppmuntrar v\u00e5r personal att spara vatten.<\/p>\n\n\n\n<h3 class=\"wp-block-heading\">AVFALLSHANTERING.<\/h3>\n\n\n\n<p>Vi str\u00e4var efter att minska m\u00e4ngden avfall som produceras p\u00e5 kontoret, s\u00e4rskilt m\u00e4ngden plast. I detta syfte k\u00f6per vi varor utan eller med lite<br>f\u00f6rpackning. Varor k\u00f6ps i bulk n\u00e4r det \u00e4r m\u00f6jligt. Vi sorterar ocks\u00e5 v\u00e5rt avfall (papper, plast och f\u00f6rpackningar, glas), som sedan sl\u00e4ngs i l\u00e4mpliga containrar i staden och \u00e5tervinns.<\/p>\n\n\n\n<h3 class=\"wp-block-heading\">F\u00d6RBRUKNING AV ANDRA RESURSER (PAPPER)<\/h3>\n\n\n\n<p>Lep d.o.o.o. minskar pappersf\u00f6rbrukningen genom att fokusera p\u00e5 digital marknadsf\u00f6ring och onlinekommunikation. Utskriften av det \u00e5terst\u00e5ende materialet planeras noggrant och exakt f\u00f6r att undvika rester av oanv\u00e4nt material. Vi anv\u00e4nder certifierat \u00e5tervunnet papper.<\/p>\n\n\n\n<h3 class=\"wp-block-heading\">PERSONALPOLITIK<\/h3>\n\n\n\n<p>I v\u00e5rt f\u00f6retag ser vi till att det r\u00e5der goda arbetsf\u00f6rh\u00e5llanden. Vi respekterar nationell och internationell lagstiftning om arbete och m\u00e4nskliga r\u00e4ttigheter. Personalen f\u00e5r regelbundna utbildnings- och tr\u00e4ningsprogram och \u00e4r medveten om f\u00f6retagets h\u00e5llbarhetspolicy, m\u00e5l och \u00e5tg\u00e4rder.<\/p>\n\n\n\n<h3 class=\"wp-block-heading\">INK\u00d6PSPOLICY<\/h3>\n\n\n\n<p>P\u00e5 v\u00e5rt f\u00f6retag Lep d.o.o. \u00e4r vi medvetna om att vi genom att k\u00f6pa lokala varor och tj\u00e4nster bidrar till lokalsamh\u00e4llets v\u00e4lbefinnande. V\u00e5r ink\u00f6pspolicy prioriterar d\u00e4rf\u00f6r lokala produkter, liksom milj\u00f6m\u00e4ssigt ansvarsfulla produkter och produkter med h\u00e5llbarhetscertifikat (r\u00e4ttvis handel, ekologiskt, FSC etc.).<\/p>\n\n\n\n<h2 class=\"wp-block-heading\"><strong>\u00d6VERGRIPANDE SYFTE<\/strong><\/h2>\n\n\n\n<p>Vi vill dela v\u00e5r passion f\u00f6r Slovenien och v\u00e5r kunskap om dess natur, historia och m\u00e4nniskor med v\u00e5ra g\u00e4ster genom att erbjuda h\u00e5llbara resor som \u00e4r l\u00f6nsamma f\u00f6r v\u00e5rt f\u00f6retag och gynnar lokalsamh\u00e4llen och milj\u00f6n.<\/p>\n\n\n\n<p><strong>SAMH\u00c4LLEN OCH KULTUR<\/strong><\/p>\n\n\n\n<p>- Driver och st\u00f6der naturskydds- och utbildningsprojekt samt ger till och st\u00f6der v\u00e4lg\u00f6renhetsorganisationer och initiativ i de bes\u00f6kta samh\u00e4llena.<\/p>\n\n\n\n<p>- Genomf\u00f6ra turer f\u00f6r att maximera f\u00f6rdelarna med kulturarvet i de bes\u00f6kta samh\u00e4llena och ge dem incitament att bevara och skydda sin kultur.<\/p>\n\n\n\n<p>- Utveckla v\u00e4rdsamh\u00e4llenas f\u00f6rm\u00e5ga att f\u00f6rs\u00f6rja sig genom turism genom att hj\u00e4lpa dem att ing\u00e5 i ett turismn\u00e4tverk, f\u00f6rst\u00e5 branschen och f\u00e5 marknadstilltr\u00e4de.<\/p>\n\n\n\n<p><strong>EKONOMISKT ANSVAR<\/strong><\/p>\n\n\n\n<p>- H\u00e5ll pengarna lokalt genom att (s\u00e5 mycket som m\u00f6jligt) k\u00f6pa lokalt och bo p\u00e5 familje\u00e4gda pensionat och hotell.<\/p>\n\n\n\n<p>- Skapa inkomstbringande aktiviteter genom att anst\u00e4lla, utbilda och uppmuntra lokalbefolkningen att delta i genomf\u00f6randet av v\u00e5ra turer och aktiviteter.<\/p>\n\n\n\n<p>- Uppmuntra v\u00e5ra g\u00e4ster att k\u00f6pa lokalt hantverk och lokala tj\u00e4nster.<\/p>\n\n\n\n<p><strong>MILJ\u00d6ANSVAR.<\/strong><\/p>\n\n\n\n<p>- Erbjuda milj\u00f6v\u00e4nliga turer av h\u00f6g kvalitet genom v\u00e5r ledande strategi f\u00f6r att utbilda v\u00e5ra guider s\u00e5 att de uppfyller internationella standarder f\u00f6r guidning.<\/p>\n\n\n\n<p>- \u00d6ka medvetenheten hos lokalsamh\u00e4llena om vikten av att skydda Sloveniens naturtillg\u00e5ngar.<\/p>\n\n\n\n<p>- St\u00f6dja och initiera lokala projekt f\u00f6r \u00e5terbeskogning och bevarande.<\/p>\n\n\n\n<p><strong>TURISMN\u00c4RINGEN<\/strong><\/p>\n\n\n\n<p>- F\u00f6respr\u00e5ka ett ansvarsfullt tillv\u00e4gag\u00e5ngss\u00e4tt f\u00f6r utveckling av turism.<\/p>\n\n\n\n<p><strong>V\u00c5RT TEAM<\/strong><\/p>\n\n\n\n<p>- Ge v\u00e5ra unga medarbetare en givande arbetslivserfarenhet.<\/p>\n\n\n\n<p>- Personliga m\u00e5l: Vi forts\u00e4tter att st\u00f6dja personalen i arbetet med personliga m\u00e5l.<\/p>\n\n\n\n<p>- Flexibelt arbete: Vi forts\u00e4tter att erbjuda en flexibel arbetsmilj\u00f6 och hittills har alla anst\u00e4lldas \u00f6nskem\u00e5l om att \u00e4ndra sina arbetsm\u00f6nster godk\u00e4nts.<\/p>\n\n\n\n<p>- Utbildning: 50% bidrag till utbildningskostnader f\u00f6r tv\u00e5 nya guider senast 2023.<\/p>\n\n\n\n<p><strong>V\u00c5RA KUNDER<\/strong><\/p>\n\n\n\n<p>- F\u00f6rb\u00e4ttra kommunikationen kring de ansvarsfulla aspekterna av v\u00e5ra turer.<\/p>\n\n\n\n<p>- Uppmuntra v\u00e5ra g\u00e4ster att bidra till att st\u00f6dja lokala barn fr\u00e5n beh\u00f6vande familjer. Uppn\u00e5 10 000 euro i donationer senast 2024.<\/p>\n\n\n\n<h3 class=\"wp-block-heading\">PRIS F\u00d6R RESEPARTNER<\/h3>\n\n\n\n<figure class=\"wp-block-image\"><img decoding=\"async\" src=\"https:\/\/960335.smushcdn.com\/2821714\/wp-content\/uploads\/partner-300x117.webp?lossy=1&amp;strip=1&amp;webp=1\" alt=\"\" class=\"wp-image-6119\"\/><\/figure>\n\n\n\n<p>Travelife Partner-utm\u00e4rkelsen \u00e4r ett erk\u00e4nnande av v\u00e5rt engagemang f\u00f6r social och milj\u00f6m\u00e4ssig h\u00e5llbarhet. Vi uppfyller, baserat p\u00e5 en verifierad sj\u00e4lvbed\u00f6mning, mer \u00e4n 100 kriterier som r\u00f6r h\u00e5llbarhetshantering, kontorsverksamhet, samarbete med leverant\u00f6rer och kundkommunikation. Vi arbetar f\u00f6r ytterligare f\u00f6rb\u00e4ttringar och siktar p\u00e5 att s\u00e5 sm\u00e5ningom n\u00e5 det tredjepartsgranskade Travelife Certified-stadiet.<\/p>\n\n\n\n<p>Lep d.o.o.-teamet \u00e4r glada att kunna meddela att vi \u00e4r engagerade med&nbsp;<strong>Travelife f\u00f6r researrang\u00f6rer och resebyr\u00e5er<\/strong>&nbsp;system. Travelife \u00e4r ett internationellt erk\u00e4nt, av GSTC-Global Sustainable Tourism Council ackrediterat utbildnings-, f\u00f6rvaltnings- och certifieringsprogram f\u00f6r h\u00e5llbar turism. Det \u00e4r ett certifieringsprogram i tre steg f\u00f6r researrang\u00f6rer och resebyr\u00e5er: (1) Travelife Engaged, (2) Travelife Partner och (3) Travelife Certified. Vi str\u00e4var efter att f\u00e5 erk\u00e4nnandet Travelife Partner och efter ytterligare f\u00f6rb\u00e4ttringar f\u00f6r att s\u00e5 sm\u00e5ningom uppfylla kriterierna f\u00f6r Travelife Certified.<\/p>\n\n\n\n<p>V\u00e5ra resultat p\u00e5 h\u00e5llbarhetsomr\u00e5det finns samlade i denna&nbsp;<a href=\"https:\/\/winetastingljubljana.com\/wp-content\/uploads\/sustainability-report-lep-d.o.o.pdf?swcfpc=1\" target=\"_blank\" rel=\"noreferrer noopener\">H\u00e5llbarhetsrapport<\/a>.<\/p>","protected":false},"excerpt":{"rendered":"<p>MISSION STATEMENT Vi \u00e4r en fram\u00e5tblickande incoming-resebyr\u00e5 vars uppdrag \u00e4r att ge v\u00e5ra kunder en unik, lokal upplevelse och att l\u00e4gga till aktiviteter till v\u00e5rt lokala erbjudande. Vi g\u00f6r detta samtidigt som vi fr\u00e4mjar kulturellt och milj\u00f6v\u00e4nligt engagemang genom n\u00e4ra kontakter med lokala leverant\u00f6rer. Vi ser det som v\u00e5r plikt att arbeta direkt med leverant\u00f6rer, ... <a href=\"https:\/\/slovenia-fly-fishing.com\/sv\/sustainability\/\">Forts\u00e4ttning<\/a><\/p>","protected":false},"author":44,"featured_media":0,"parent":0,"menu_order":16,"comment_status":"open","ping_status":"open","template":"","meta":{"_acf_changed":false,"footnotes":""},"class_list":["post-87","page","type-page","status-publish","hentry"],"acf":{"page_subheading":"A healthy environment is essential to continue our work, which is why we choose sustainable practices and environmentally friendly ways to do it."},"_links":{"self":[{"href":"https:\/\/slovenia-fly-fishing.com\/sv\/wp-json\/wp\/v2\/pages\/87","targetHints":{"allow":["GET"]}}],"collection":[{"href":"https:\/\/slovenia-fly-fishing.com\/sv\/wp-json\/wp\/v2\/pages"}],"about":[{"href":"https:\/\/slovenia-fly-fishing.com\/sv\/wp-json\/wp\/v2\/types\/page"}],"author":[{"embeddable":true,"href":"https:\/\/slovenia-fly-fishing.com\/sv\/wp-json\/wp\/v2\/users\/44"}],"replies":[{"embeddable":true,"href":"https:\/\/slovenia-fly-fishing.com\/sv\/wp-json\/wp\/v2\/comments?post=87"}],"version-history":[{"count":3,"href":"https:\/\/slovenia-fly-fishing.com\/sv\/wp-json\/wp\/v2\/pages\/87\/revisions"}],"predecessor-version":[{"id":1677,"href":"https:\/\/slovenia-fly-fishing.com\/sv\/wp-json\/wp\/v2\/pages\/87\/revisions\/1677"}],"wp:attachment":[{"href":"https:\/\/slovenia-fly-fishing.com\/sv\/wp-json\/wp\/v2\/media?parent=87"}],"curies":[{"name":"wp","href":"https:\/\/api.w.org\/{rel}","templated":true}]}}