{"id":94,"date":"2020-02-06T10:19:21","date_gmt":"2020-02-06T10:19:21","guid":{"rendered":"http:\/\/slovenia-fly-fishing.com\/terms-of-service\/"},"modified":"2022-12-02T14:16:22","modified_gmt":"2022-12-02T14:16:22","slug":"terms-of-service","status":"publish","type":"page","link":"https:\/\/slovenia-fly-fishing.com\/sv\/terms-of-service\/","title":{"rendered":"Villkor f\u00f6r tj\u00e4nsten"},"content":{"rendered":"<p>Allm\u00e4nna villkor \u00e4r den grundl\u00e4ggande delen av detta bokningsavtal som ing\u00e5s mellan World Discovery d.o.o. (nedan kallat \"f\u00f6retaget\") och kunderna. N\u00e4r kunden genomf\u00f6r bokningen f\u00f6ruts\u00e4tts att han eller hon accepterar dessa allm\u00e4nna villkor. Den bokning som kunden g\u00f6r \u00e4r bindande och d\u00e4rf\u00f6r \u00e4r det m\u00f6jligt f\u00f6r kunden att avbryta sin bokning uteslutande i enlighet med dessa allm\u00e4nna villkor. Kunden ansvarar f\u00f6r alla kostnader och konsekvenser som kan uppst\u00e5 p\u00e5 grund av felaktig information som han har l\u00e4mnat n\u00e4r han g\u00f6r en bokning.<\/p>\n\n\n\n<p>Kunden godk\u00e4nner dessa villkor genom att best\u00e4lla tj\u00e4nster fr\u00e5n f\u00f6retaget antingen via webbplatsen, e-post, telefon, genom att g\u00f6ra en betalning utan f\u00f6rbest\u00e4llning eller p\u00e5 n\u00e5got annat s\u00e4tt.<\/p>\n\n\n\n<p>F\u00f6retaget grundades med m\u00e5let att garantera v\u00e4nliga tj\u00e4nster och ge anv\u00e4ndaren h\u00f6gkvalitativa upplevelser.<\/p>\n\n\n\n<p>F\u00f6retagets varum\u00e4rke och webbplatsen samt alla dess komponenter (programmeringskod, design, fotografier, text etc.) och alla undersidor \u00e4r immateriella r\u00e4ttigheter som tillh\u00f6r varum\u00e4rkets skapare och skyddas d\u00e4rf\u00f6r av upphovsr\u00e4tt. All kopiering, anv\u00e4ndning eller missbruk av varum\u00e4rket och\/eller webbplatsen och dess komponenter \u00e4r f\u00f6rem\u00e5l f\u00f6r r\u00e4ttsliga \u00e5tg\u00e4rder i enlighet med lokal lagstiftning.<\/p>\n\n\n\n<p>Vi \u00e5tar oss att g\u00f6ra v\u00e5rt b\u00e4sta f\u00f6r att tillhandah\u00e5lla aktuell och korrekt information p\u00e5 f\u00f6retagets webbplats. Vi kan dock inte h\u00e5llas ansvariga f\u00f6r fel, utel\u00e4mnanden eller resultat som kan uppn\u00e5s genom missbruk eller missf\u00f6rst\u00e5nd av denna information. Vi f\u00f6rbeh\u00e5ller oss r\u00e4tten att korrigera fel s\u00e5 snart de kommer till v\u00e5r k\u00e4nnedom och, mer allm\u00e4nt, att n\u00e4r som helst och utan f\u00f6rvarning \u00e4ndra hela eller delar av webbplatsen och dessa villkor utan att ta n\u00e5got ansvar som kan uppst\u00e5 till f\u00f6ljd av detta.<\/p>\n\n\n\n<p>Termer som vi anv\u00e4nder och deras f\u00f6rklaringar:<\/p>\n\n\n\n<p>100% Pengarna tillbaka-garanti - Om vi inte kan leverera tj\u00e4nsten som utlovat och kunden inte \u00e4r n\u00f6jd, b\u00f6r han kommunicera klagom\u00e5let direkt till v\u00e5ra saker s\u00e5 snart som m\u00f6jligt. Om vi kommer \u00f6verens i fr\u00e5gan kan kunden f\u00e5 tillbaka alla pengar som betalats f\u00f6r den specifika aktiviteten.<\/p>\n\n\n\n<p>Webbplatsen kan inneh\u00e5lla l\u00e4nkar till andra webbplatser som vi inte anv\u00e4nder. Vi kan inte p\u00e5 n\u00e5got s\u00e4tt h\u00e5llas ansvariga f\u00f6r tillhandah\u00e5llandet av dessa l\u00e4nkar f\u00f6r att f\u00e5 tillg\u00e5ng till dessa webbplatser och externa k\u00e4llor, och kan inte ta n\u00e5got ansvar f\u00f6r inneh\u00e5ll, reklam, produkter, tj\u00e4nster eller annat material p\u00e5 eller tillg\u00e4ngligt fr\u00e5n dessa externa webbplatser eller k\u00e4llor som varken \u00e4r godk\u00e4nda eller verifierade av v\u00e5rt team.<\/p>\n\n\n\n<p>Alla bilder \u00e4r symboliska.<\/p>\n\n\n\n<p>All information som kunden l\u00e4mnar kommer att h\u00e5llas privat och konfidentiell, utom om det finns en god anledning till det.<\/p>\n\n\n\n<p>F\u00f6retaget f\u00f6rbeh\u00e5ller sig r\u00e4tten att avbryta, \u00e4ndra eller modifiera alla tj\u00e4nster utan f\u00f6rvarning, inklusive att \u00e4ndra eller f\u00f6r\u00e4ndra platser, rutter och priser. I h\u00e4ndelse av en \u00e4ndring kommer f\u00f6retaget att f\u00f6rs\u00f6ka ers\u00e4tta alternativa arrangemang av j\u00e4mf\u00f6rbart penningv\u00e4rde utan kompensation och tar inget ansvar f\u00f6r f\u00f6rlust av n\u00f6je till f\u00f6ljd av dessa \u00e4ndringar. Allt detta g\u00f6rs f\u00f6r att v\u00e5ra kunder ska f\u00e5 b\u00e4sta m\u00f6jliga upplevelse.<\/p>\n\n\n\n<p>I vissa fall \u00e4r f\u00f6retaget en mellanhand mellan kunden och den slutliga utf\u00f6raren av tj\u00e4nsten. \u00c4ven om v\u00e5rt team \u00e4r h\u00e4ngivet att hitta och tillhandah\u00e5lla endast de b\u00e4sta tj\u00e4nsterna f\u00f6r dig kan vi inte h\u00e5llas ansvariga f\u00f6r misstag, miss\u00f6den eller f\u00f6rsummelser som beg\u00e5s av tredje person.<\/p>\n\n\n\n<p>Om kunden kommer f\u00f6r sent till en aktivitet kan han eller hon bli tvungen att betala extra f\u00f6r de kostnader som orsakas av att han eller hon kommer f\u00f6r sent. Det \u00e4r ditt ansvar att informera gruppmedlemmarna om resplanen och se till att alla kommer i tid. Vi kommer alltid att f\u00f6rs\u00f6ka erbjuda dig aktiviteten senare \u00e4n vad som ursprungligen var planerat, men om vi inte kunde g\u00f6ra det har du inte r\u00e4tt till \u00e5terbetalning. Om du vet att du kommer att bli f\u00f6rsenad ber vi dig informera oss s\u00e5 snart som m\u00f6jligt.<\/p>\n\n\n\n<p>Om det uppst\u00e5r problem med n\u00e5gon av de tj\u00e4nster som utf\u00f6rs av v\u00e5r leverant\u00f6r\/partner hj\u00e4lper vi dig att l\u00f6sa det, men om det inte \u00e4r m\u00f6jligt m\u00e5ste du l\u00f6sa det direkt med dem.<\/p>\n\n\n\n<p>Om du av n\u00e5gon anledning vill avsluta en aktivitet i f\u00f6rtid har du inte r\u00e4tt till \u00e5terbetalning eller rabatt.<\/p>\n\n\n\n<p>F\u00f6retaget f\u00f6rbeh\u00e5ller sig den absoluta r\u00e4tten att avvisa en bokning efter eget gottfinnande, oavsett anledning och n\u00e4r som helst. Kunderna samtycker till att acceptera den auktoritet och de beslut som fattas av v\u00e5ra anst\u00e4llda, guider och n\u00e4rst\u00e5ende f\u00f6retag.<\/p>\n\n\n\n<p>F\u00f6retaget f\u00f6rbeh\u00e5ller sig r\u00e4tten att st\u00e4lla in en rundtur eller provsmakning under alla omst\u00e4ndigheter, men kommer att f\u00f6rs\u00f6ka undvika detta om det inte \u00e4r absolut n\u00f6dv\u00e4ndigt.<\/p>\n\n\n\n<p>Alla kunder ansvarar f\u00f6r sin egen s\u00e4kerhet och sitt eget v\u00e4lbefinnande. Vi uppmuntrar inte n\u00e5gon av v\u00e5ra kunder att delta i farliga aktiviteter eller att dricka f\u00f6r mycket. F\u00f6retaget kan inte ta n\u00e5got ansvar om kunden dricker f\u00f6r mycket eller \u00e4gnar sig \u00e5t farliga aktiviteter och drabbas av skada, sjukdom, d\u00f6dsfall, f\u00f6rlust eller skada till f\u00f6ljd av detta.<\/p>\n\n\n\n<p>Vissa program inneh\u00e5ller alkoholkonsumtion och \u00e4r endast l\u00e4mpliga f\u00f6r deltagare som \u00e4r 18 \u00e5r eller \u00e4ldre. Om inget annat anges \u00e4r deltagande endast m\u00f6jligt f\u00f6r deltagare \u00f6ver 18 \u00e5r. Bevis p\u00e5 \u00e5lder m\u00e5ste uppvisas vid deltagandet. Som \u00e5ldersbevis godtar vi endast officiell legitimation s\u00e5som pass, k\u00f6rkort och andra \u00e5ldersbevis (18 plus). Oacceptabla identitetshandlingar \u00e4r bland annat fotokopior, studentkort och andra identitetshandlingar som inte \u00e4r utf\u00e4rdade av regeringen. Alla kunder ser till att de \u00e4r friska och kan genomf\u00f6ra resans resv\u00e4g och att de \u00e4r i god fysisk och psykisk form.<\/p>\n\n\n\n<p>Genom att g\u00f6ra en bokning godk\u00e4nner varje kund att f\u00f6retaget har r\u00e4tt att publicera alla bilder och videor som tagits under programmet (bilderna och videorna kan inkludera varje kund) i reklamsyfte och kommersiella syften.<\/p>\n\n\n\n<p>P\u00e5 grund av vissa of\u00f6rutsedda omst\u00e4ndigheter kan kunden avbryta sitt deltagande i den \u00f6verenskomna aktiviteten. Om f\u00f6retaget g\u00e5r med p\u00e5 det har kunden m\u00f6jlighet att boka om aktiviteten till ett annat datum under de kommande tre m\u00e5naderna.<\/p>\n\n\n\n<p>Vi vill att du ska l\u00e4mna v\u00e5r stad lycklig och full av nya sp\u00e4nnande \u00e4ventyr. V\u00e5rt team \u00e4r dedikerat till att organisera fantastiska upplevelser. Trots alla v\u00e5ra anstr\u00e4ngningar uppmanar vi dig att ge oss feedback i n\u00e5gon form. Om kunden har ett klagom\u00e5l m\u00e5ste han\/hon genast g\u00f6ra reseledaren uppm\u00e4rksam p\u00e5 det. P\u00e5 s\u00e5 s\u00e4tt har v\u00e5rt team m\u00f6jlighet att r\u00e4tta till situationen efter utv\u00e4rdering av klagom\u00e5let. Eventuella \u00e4ndringar av turen f\u00f6r att g\u00f6ra kunden n\u00f6jd kan g\u00f6ras endast om klagom\u00e5let framf\u00f6rs under turen. Klagom\u00e5l som framf\u00f6rs senare kommer inte att beaktas. Om klagom\u00e5let framf\u00f6rs under resan och problemet f\u00f6rblir ol\u00f6st m\u00e5ste ett nytt klagom\u00e5l l\u00e4mnas skriftligen till f\u00f6retaget inom fem dagar efter det att resan har avslutats.<\/p>\n\n\n\n<p>F\u00f6retaget f\u00f6rbeh\u00e5ller sig r\u00e4tten att avbryta programmet n\u00e4r som helst om kunden inte f\u00f6ljer reseledarens anvisningar och verkar kunna \u00e4ventyra ett s\u00e4kert och bekv\u00e4mt genomf\u00f6rande av resan, kan kunden uteslutas fr\u00e5n hela eller delar av resan. I detta fall har kunden inte r\u00e4tt till n\u00e5gon \u00e5terbetalning eller att t\u00e4cka eventuella extra kostnader som kunderna \u00e5drar sig till f\u00f6ljd av detta.<\/p>\n\n\n\n<p>Alla kunder f\u00f6rv\u00e4ntas f\u00f6lja lokala lagar och f\u00f6rordningar och om de inte g\u00f6r det befrias f\u00f6retaget fr\u00e5n alla skyldigheter som de annars kan ha enligt dessa bokningsvillkor. Eventuella skador eller f\u00f6rluster som orsakas av en kund \u00e4r kundens ansvar. Full betalning f\u00f6r s\u00e5dana skador eller f\u00f6rluster m\u00e5ste betalas vid tidpunkten direkt till leverant\u00f6ren. Om kunden underl\u00e5ter att g\u00f6ra detta kommer kunden att vara ansvarig f\u00f6r att uppfylla eventuella krav (inklusive juridiska kostnader) som senare riktas mot f\u00f6retaget till f\u00f6ljd av kundens agerande.<\/p>\n\n\n\n<p>De allm\u00e4nna villkoren och f\u00f6rh\u00e5llandet mellan en kund och f\u00f6retaget ska regleras av lokal lagstiftning utan h\u00e4nsyn till dess lagvalsbest\u00e4mmelser. En kund och f\u00f6retaget samtycker till att underkasta sig den beh\u00f6riga domstolens exklusiva jurisdiktion i Ljubljana, Slovenien.<\/p>\n\n\n\n<p>LEP, storitve, d.o.o., Opekarna 28a, 1420 Trbovlje, Skattenummer: SI27818934, f\u00f6retagsregistreringsnummer: 7110545000.<br>Information om bank\u00f6verf\u00f6ring:<br>F\u00f6retag: World Discovery d.o.o., Opekarna 28a, 1420 Trbovlje, Slovenien<br>IBAN: SI56 6100 0001 5029 430<br>BIC: HDELSI22<br>Bank: Delavska Hranilnica d.d.<\/p>\n\n\n\n<p>De allm\u00e4nna villkoren tr\u00e4der i kraft den 31.8.2022.<\/p>","protected":false},"excerpt":{"rendered":"<p>General terms and conditions are the fundamental part of this booking agreement, concluded between the World Discovery d.o.o. (hereinafter referred to as \u201cCompany\u201d) and customers. Once the customer completes the booking is presumed that he accepts these General Terms and Conditions. The booking the customer makes is obligatory and therefore it is possible for a &hellip; <a href=\"https:\/\/slovenia-fly-fishing.com\/sv\/terms-of-service\/\">Forts\u00e4ttning<\/a><\/p>","protected":false},"author":44,"featured_media":0,"parent":0,"menu_order":17,"comment_status":"open","ping_status":"open","template":"","meta":{"_acf_changed":false,"footnotes":""},"class_list":["post-94","page","type-page","status-publish","hentry"],"acf":{"page_subheading":"These are the General terms and conditions under which our booking arrangements are being made."},"_links":{"self":[{"href":"https:\/\/slovenia-fly-fishing.com\/sv\/wp-json\/wp\/v2\/pages\/94","targetHints":{"allow":["GET"]}}],"collection":[{"href":"https:\/\/slovenia-fly-fishing.com\/sv\/wp-json\/wp\/v2\/pages"}],"about":[{"href":"https:\/\/slovenia-fly-fishing.com\/sv\/wp-json\/wp\/v2\/types\/page"}],"author":[{"embeddable":true,"href":"https:\/\/slovenia-fly-fishing.com\/sv\/wp-json\/wp\/v2\/users\/44"}],"replies":[{"embeddable":true,"href":"https:\/\/slovenia-fly-fishing.com\/sv\/wp-json\/wp\/v2\/comments?post=94"}],"version-history":[{"count":3,"href":"https:\/\/slovenia-fly-fishing.com\/sv\/wp-json\/wp\/v2\/pages\/94\/revisions"}],"predecessor-version":[{"id":1668,"href":"https:\/\/slovenia-fly-fishing.com\/sv\/wp-json\/wp\/v2\/pages\/94\/revisions\/1668"}],"wp:attachment":[{"href":"https:\/\/slovenia-fly-fishing.com\/sv\/wp-json\/wp\/v2\/media?parent=94"}],"curies":[{"name":"wp","href":"https:\/\/api.w.org\/{rel}","templated":true}]}}